{"id":13523,"date":"2024-12-16T16:22:11","date_gmt":"2024-12-16T19:22:11","guid":{"rendered":"https:\/\/darommoveis.com.br\/catalogo\/?post_type=product&#038;p=13523"},"modified":"2025-09-05T16:05:11","modified_gmt":"2025-09-05T19:05:11","slug":"balcao-rud-rack-maisa-158-p-pia-branco","status":"publish","type":"product","link":"https:\/\/darommoveis.com.br\/catalogo\/produto\/balcao-rud-rack-maisa-158-p-pia-branco\/","title":{"rendered":"Balc\u00e3o Rud Rack Maisa 1,58 P\/pia Branco"},"content":{"rendered":"<p>. Produto em MDP e MDF<\/p>\n<p>. 06 P\u00e9s com Regulagens<\/p>\n<p>. 03 Portas com Puxadores em PVC<\/p>\n<p>. 03 Gavetas com Corredi\u00e7as Met\u00e1licas<\/p>\n<p>. Prateleira Interna<\/p>\n<p>Altura: 83cm<br \/>\nLargura: 158cm<br \/>\nProfundidade: 51cm<\/p>\n","protected":false},"excerpt":{"rendered":"<p>. Produto em MDP e MDF . 06 P\u00e9s com Regulagens . 03 Portas com Puxadores em PVC . 03 Gavetas com Corredi\u00e7as Met\u00e1licas . Prateleira Interna Altura: 83cm Largura: 158cm Profundidade: 51cm<\/p>\n","protected":false},"featured_media":0,"template":"","meta":[],"product_brand":[508],"product_cat":[470],"product_tag":[],"class_list":{"0":"post-13523","1":"product","2":"type-product","3":"status-publish","5":"product_brand-rud-rack","6":"product_cat-balcao-2","8":"first","9":"instock","10":"shipping-taxable","11":"purchasable","12":"product-type-simple"},"_links":{"self":[{"href":"https:\/\/darommoveis.com.br\/catalogo\/wp-json\/wp\/v2\/product\/13523","targetHints":{"allow":["GET"]}}],"collection":[{"href":"https:\/\/darommoveis.com.br\/catalogo\/wp-json\/wp\/v2\/product"}],"about":[{"href":"https:\/\/darommoveis.com.br\/catalogo\/wp-json\/wp\/v2\/types\/product"}],"version-history":[{"count":0,"href":"https:\/\/darommoveis.com.br\/catalogo\/wp-json\/wp\/v2\/product\/13523\/revisions"}],"wp:attachment":[{"href":"https:\/\/darommoveis.com.br\/catalogo\/wp-json\/wp\/v2\/media?parent=13523"}],"wp:term":[{"taxonomy":"product_brand","embeddable":true,"href":"https:\/\/darommoveis.com.br\/catalogo\/wp-json\/wp\/v2\/product_brand?post=13523"},{"taxonomy":"product_cat","embeddable":true,"href":"https:\/\/darommoveis.com.br\/catalogo\/wp-json\/wp\/v2\/product_cat?post=13523"},{"taxonomy":"product_tag","embeddable":true,"href":"https:\/\/darommoveis.com.br\/catalogo\/wp-json\/wp\/v2\/product_tag?post=13523"}],"curies":[{"name":"wp","href":"https:\/\/api.w.org\/{rel}","templated":true}]}}