{"id":13589,"date":"2024-12-16T16:22:48","date_gmt":"2024-12-16T19:22:48","guid":{"rendered":"https:\/\/darommoveis.com.br\/catalogo\/?post_type=product&#038;p=13589"},"modified":"2025-09-30T00:00:42","modified_gmt":"2025-09-30T03:00:42","slug":"roupeiro-incorplac-cap-imperial-5pt-3g-malbec","status":"publish","type":"product","link":"https:\/\/darommoveis.com.br\/catalogo\/produto\/roupeiro-incorplac-cap-imperial-5pt-3g-malbec\/","title":{"rendered":"Roupeiro Incorplac Cap. Imperial 5pt 3g Malbec"},"content":{"rendered":"<p>Dobradi\u00e7a 26mm<br \/>\nCorredi\u00e7a Telesc\u00f3pica<br \/>\nP\u00e9s Inclusos<br \/>\n6 Portas<br \/>\n3 Gavetas<\/p>\n<p>Altura: 205cm<br \/>\nLargura: 180cm<br \/>\nProfundidade: 47cm<\/p>\n","protected":false},"excerpt":{"rendered":"<p>Dobradi\u00e7a 26mm Corredi\u00e7a Telesc\u00f3pica P\u00e9s Inclusos 6 Portas 3 Gavetas Altura: 205cm Largura: 180cm Profundidade: 47cm<\/p>\n","protected":false},"featured_media":0,"template":"","meta":[],"product_brand":[515],"product_cat":[227],"product_tag":[],"class_list":{"0":"post-13589","1":"product","2":"type-product","3":"status-publish","5":"product_brand-incorplac","6":"product_cat-roupeiro","8":"first","9":"instock","10":"shipping-taxable","11":"purchasable","12":"product-type-simple"},"_links":{"self":[{"href":"https:\/\/darommoveis.com.br\/catalogo\/wp-json\/wp\/v2\/product\/13589","targetHints":{"allow":["GET"]}}],"collection":[{"href":"https:\/\/darommoveis.com.br\/catalogo\/wp-json\/wp\/v2\/product"}],"about":[{"href":"https:\/\/darommoveis.com.br\/catalogo\/wp-json\/wp\/v2\/types\/product"}],"version-history":[{"count":0,"href":"https:\/\/darommoveis.com.br\/catalogo\/wp-json\/wp\/v2\/product\/13589\/revisions"}],"wp:attachment":[{"href":"https:\/\/darommoveis.com.br\/catalogo\/wp-json\/wp\/v2\/media?parent=13589"}],"wp:term":[{"taxonomy":"product_brand","embeddable":true,"href":"https:\/\/darommoveis.com.br\/catalogo\/wp-json\/wp\/v2\/product_brand?post=13589"},{"taxonomy":"product_cat","embeddable":true,"href":"https:\/\/darommoveis.com.br\/catalogo\/wp-json\/wp\/v2\/product_cat?post=13589"},{"taxonomy":"product_tag","embeddable":true,"href":"https:\/\/darommoveis.com.br\/catalogo\/wp-json\/wp\/v2\/product_tag?post=13589"}],"curies":[{"name":"wp","href":"https:\/\/api.w.org\/{rel}","templated":true}]}}