{"id":13620,"date":"2024-12-16T16:23:04","date_gmt":"2024-12-16T19:23:04","guid":{"rendered":"https:\/\/darommoveis.com.br\/catalogo\/?post_type=product&#038;p=13620"},"modified":"2025-09-05T16:05:13","modified_gmt":"2025-09-05T19:05:13","slug":"roupeiro-moval-eldorado-4p-3v-c-esp-cast-wood","status":"publish","type":"product","link":"https:\/\/darommoveis.com.br\/catalogo\/produto\/roupeiro-moval-eldorado-4p-3v-c-esp-cast-wood\/","title":{"rendered":"Roupeiro Moval Eldorado 4p 3v C\/esp. Cast.wood"},"content":{"rendered":"<ul>\n<li>5 Portas de giro sendo a central com espelho<\/li>\n<li>Nicho com porta objetos com chave<\/li>\n<li>Painel girat\u00f3rio: De um lado espelho j\u00e1 fixado na pe\u00e7a, do outro porta objetos<\/li>\n<li>3 Gavetas<\/li>\n<li>P\u00e9s em PVC<\/li>\n<\/ul>\n<p>Altura: 212cm<br \/>\nLargura: 195cm<br \/>\nProfundidade: 47cm<\/p>\n","protected":false},"excerpt":{"rendered":"<p>5 Portas de giro sendo a central com espelho Nicho com porta objetos com chave Painel girat\u00f3rio: De um lado espelho j\u00e1 fixado na pe\u00e7a, do outro porta objetos 3 Gavetas P\u00e9s em PVC Altura: 212cm Largura: 195cm Profundidade: 47cm<\/p>\n","protected":false},"featured_media":0,"template":"","meta":[],"product_brand":[516],"product_cat":[227],"product_tag":[],"class_list":{"0":"post-13620","1":"product","2":"type-product","3":"status-publish","5":"product_brand-moval","6":"product_cat-roupeiro","8":"first","9":"onbackorder","10":"shipping-taxable","11":"purchasable","12":"product-type-simple"},"_links":{"self":[{"href":"https:\/\/darommoveis.com.br\/catalogo\/wp-json\/wp\/v2\/product\/13620","targetHints":{"allow":["GET"]}}],"collection":[{"href":"https:\/\/darommoveis.com.br\/catalogo\/wp-json\/wp\/v2\/product"}],"about":[{"href":"https:\/\/darommoveis.com.br\/catalogo\/wp-json\/wp\/v2\/types\/product"}],"version-history":[{"count":0,"href":"https:\/\/darommoveis.com.br\/catalogo\/wp-json\/wp\/v2\/product\/13620\/revisions"}],"wp:attachment":[{"href":"https:\/\/darommoveis.com.br\/catalogo\/wp-json\/wp\/v2\/media?parent=13620"}],"wp:term":[{"taxonomy":"product_brand","embeddable":true,"href":"https:\/\/darommoveis.com.br\/catalogo\/wp-json\/wp\/v2\/product_brand?post=13620"},{"taxonomy":"product_cat","embeddable":true,"href":"https:\/\/darommoveis.com.br\/catalogo\/wp-json\/wp\/v2\/product_cat?post=13620"},{"taxonomy":"product_tag","embeddable":true,"href":"https:\/\/darommoveis.com.br\/catalogo\/wp-json\/wp\/v2\/product_tag?post=13620"}],"curies":[{"name":"wp","href":"https:\/\/api.w.org\/{rel}","templated":true}]}}