{"id":13621,"date":"2024-12-16T16:23:04","date_gmt":"2024-12-16T19:23:04","guid":{"rendered":"https:\/\/darommoveis.com.br\/catalogo\/?post_type=product&#038;p=13621"},"modified":"2025-09-05T16:05:13","modified_gmt":"2025-09-05T19:05:13","slug":"roupeiro-moval-itatiba-6p-3g-c-esp-branco","status":"publish","type":"product","link":"https:\/\/darommoveis.com.br\/catalogo\/produto\/roupeiro-moval-itatiba-6p-3g-c-esp-branco\/","title":{"rendered":"Roupeiro Moval Itatiba 6p 3g C\/esp. Branco"},"content":{"rendered":"<div class=\"elementor-element elementor-element-7a84c444 elementor-column elementor-col-33 elementor-top-column\" data-id=\"7a84c444\" data-element_type=\"column\">\n<div class=\"elementor-column-wrap elementor-element-populated\">\n<div class=\"elementor-widget-wrap\">\n<div class=\"elementor-element elementor-element-3690781 elementor-widget elementor-widget-text-editor\" data-id=\"3690781\" data-element_type=\"widget\" data-widget_type=\"text-editor.default\">\n<div class=\"elementor-widget-container\">\n<div class=\"elementor-text-editor elementor-clearfix\">\n<ul>\n<li>6 Portas<\/li>\n<li>3 gavetas sendo uma com chave<\/li>\n<li>Bast\u00f5es em alum\u00ednio<\/li>\n<li>Espelho opcional<\/li>\n<li>P\u00e9s em PVC<\/li>\n<\/ul>\n<\/div>\n<\/div>\n<\/div>\n<\/div>\n<\/div>\n<\/div>\n<div class=\"elementor-element elementor-element-1fa0ff2 elementor-column elementor-col-33 elementor-top-column\" data-id=\"1fa0ff2\" data-element_type=\"column\">\n<div class=\"elementor-column-wrap elementor-element-populated\">\n<div class=\"elementor-widget-wrap\">\n<div class=\"elementor-element elementor-element-fe8f8fe elementor-widget elementor-widget-heading\" data-id=\"fe8f8fe\" data-element_type=\"widget\" data-widget_type=\"heading.default\">\n<div class=\"elementor-widget-container\">Altura: 204cm<br \/>\nLargura: 165cm<br \/>\nProfundidade: 47cm<\/div>\n<\/div>\n<\/div>\n<\/div>\n<\/div>\n","protected":false},"excerpt":{"rendered":"<p>6 Portas 3 gavetas sendo uma com chave Bast\u00f5es em alum\u00ednio Espelho opcional P\u00e9s em PVC Altura: 204cm Largura: 165cm Profundidade: 47cm<\/p>\n","protected":false},"featured_media":0,"template":"","meta":[],"product_brand":[516],"product_cat":[227],"product_tag":[],"class_list":{"0":"post-13621","1":"product","2":"type-product","3":"status-publish","5":"product_brand-moval","6":"product_cat-roupeiro","8":"first","9":"onbackorder","10":"shipping-taxable","11":"purchasable","12":"product-type-simple"},"_links":{"self":[{"href":"https:\/\/darommoveis.com.br\/catalogo\/wp-json\/wp\/v2\/product\/13621","targetHints":{"allow":["GET"]}}],"collection":[{"href":"https:\/\/darommoveis.com.br\/catalogo\/wp-json\/wp\/v2\/product"}],"about":[{"href":"https:\/\/darommoveis.com.br\/catalogo\/wp-json\/wp\/v2\/types\/product"}],"version-history":[{"count":0,"href":"https:\/\/darommoveis.com.br\/catalogo\/wp-json\/wp\/v2\/product\/13621\/revisions"}],"wp:attachment":[{"href":"https:\/\/darommoveis.com.br\/catalogo\/wp-json\/wp\/v2\/media?parent=13621"}],"wp:term":[{"taxonomy":"product_brand","embeddable":true,"href":"https:\/\/darommoveis.com.br\/catalogo\/wp-json\/wp\/v2\/product_brand?post=13621"},{"taxonomy":"product_cat","embeddable":true,"href":"https:\/\/darommoveis.com.br\/catalogo\/wp-json\/wp\/v2\/product_cat?post=13621"},{"taxonomy":"product_tag","embeddable":true,"href":"https:\/\/darommoveis.com.br\/catalogo\/wp-json\/wp\/v2\/product_tag?post=13621"}],"curies":[{"name":"wp","href":"https:\/\/api.w.org\/{rel}","templated":true}]}}