{"id":13638,"date":"2024-12-16T16:23:08","date_gmt":"2024-12-16T19:23:08","guid":{"rendered":"https:\/\/darommoveis.com.br\/catalogo\/?post_type=product&#038;p=13638"},"modified":"2025-09-05T16:05:13","modified_gmt":"2025-09-05T19:05:13","slug":"roupeiro-moval-san-lorenzo-8p-4g-c-esp-cas-woo","status":"publish","type":"product","link":"https:\/\/darommoveis.com.br\/catalogo\/produto\/roupeiro-moval-san-lorenzo-8p-4g-c-esp-cas-woo\/","title":{"rendered":"Roupeiro Moval San Lorenzo 8p 4g C\/esp.cas Woo"},"content":{"rendered":"<p>Espelho opcional<br \/>\n8 Portas de giro<br \/>\n4 Gavetas com corredi\u00e7as telesc\u00f3picas<br \/>\nPortas centrais recuadas<br \/>\nEspa\u00e7o ele\/ela<br \/>\nP\u00e9s em PVC<br \/>\nPuxadores em MDF<\/p>\n<p>Altura: 222cm<br \/>\nLargura: 237cm<br \/>\nProfundidade: 47cm<\/p>\n","protected":false},"excerpt":{"rendered":"<p>Espelho opcional 8 Portas de giro 4 Gavetas com corredi\u00e7as telesc\u00f3picas Portas centrais recuadas Espa\u00e7o ele\/ela P\u00e9s em PVC Puxadores em MDF Altura: 222cm Largura: 237cm Profundidade: 47cm<\/p>\n","protected":false},"featured_media":0,"template":"","meta":[],"product_brand":[516],"product_cat":[227],"product_tag":[],"class_list":{"0":"post-13638","1":"product","2":"type-product","3":"status-publish","5":"product_brand-moval","6":"product_cat-roupeiro","8":"first","9":"onbackorder","10":"shipping-taxable","11":"purchasable","12":"product-type-simple"},"_links":{"self":[{"href":"https:\/\/darommoveis.com.br\/catalogo\/wp-json\/wp\/v2\/product\/13638","targetHints":{"allow":["GET"]}}],"collection":[{"href":"https:\/\/darommoveis.com.br\/catalogo\/wp-json\/wp\/v2\/product"}],"about":[{"href":"https:\/\/darommoveis.com.br\/catalogo\/wp-json\/wp\/v2\/types\/product"}],"version-history":[{"count":0,"href":"https:\/\/darommoveis.com.br\/catalogo\/wp-json\/wp\/v2\/product\/13638\/revisions"}],"wp:attachment":[{"href":"https:\/\/darommoveis.com.br\/catalogo\/wp-json\/wp\/v2\/media?parent=13638"}],"wp:term":[{"taxonomy":"product_brand","embeddable":true,"href":"https:\/\/darommoveis.com.br\/catalogo\/wp-json\/wp\/v2\/product_brand?post=13638"},{"taxonomy":"product_cat","embeddable":true,"href":"https:\/\/darommoveis.com.br\/catalogo\/wp-json\/wp\/v2\/product_cat?post=13638"},{"taxonomy":"product_tag","embeddable":true,"href":"https:\/\/darommoveis.com.br\/catalogo\/wp-json\/wp\/v2\/product_tag?post=13638"}],"curies":[{"name":"wp","href":"https:\/\/api.w.org\/{rel}","templated":true}]}}