{"id":13744,"date":"2024-12-16T16:24:04","date_gmt":"2024-12-16T19:24:04","guid":{"rendered":"https:\/\/darommoveis.com.br\/catalogo\/?post_type=product&#038;p=13744"},"modified":"2025-09-05T16:05:15","modified_gmt":"2025-09-05T19:05:15","slug":"comoda-vila-rica-sapat-sirius-2p-5g-imb-champ","status":"publish","type":"product","link":"https:\/\/darommoveis.com.br\/catalogo\/produto\/comoda-vila-rica-sapat-sirius-2p-5g-imb-champ\/","title":{"rendered":"Comoda Vila Rica Sapat. Sirius 2p 5g Imb\/champ"},"content":{"rendered":"<p>Modelo com 5 Gavetas, Sendo uma Especial para Acess\u00f3rios<br \/>\nCorredi\u00e7as Met\u00e1licas para Abertura Suave<br \/>\nPrateleira Ajust\u00e1vel e Remov\u00edvel<br \/>\nTampo Espa\u00e7oso para Organiza\u00e7\u00e3o<br \/>\nPuxadores em MDF revestido<br \/>\nP\u00e9s Retangulares Modernos que Protegem da Umidade<\/p>\n<p>Altura: 95cm<br \/>\nLargura: 122cm<br \/>\nProfundidade: 47cm<\/p>\n","protected":false},"excerpt":{"rendered":"<p>Modelo com 5 Gavetas, Sendo uma Especial para Acess\u00f3rios Corredi\u00e7as Met\u00e1licas para Abertura Suave Prateleira Ajust\u00e1vel e Remov\u00edvel Tampo Espa\u00e7oso para Organiza\u00e7\u00e3o Puxadores em MDF revestido P\u00e9s Retangulares Modernos que Protegem da Umidade Altura: 95cm Largura: 122cm Profundidade: 47cm<\/p>\n","protected":false},"featured_media":0,"template":"","meta":[],"product_brand":[524],"product_cat":[239],"product_tag":[],"class_list":{"0":"post-13744","1":"product","2":"type-product","3":"status-publish","5":"product_brand-vila-rica","6":"product_cat-comodas","8":"first","9":"instock","10":"shipping-taxable","11":"purchasable","12":"product-type-simple"},"_links":{"self":[{"href":"https:\/\/darommoveis.com.br\/catalogo\/wp-json\/wp\/v2\/product\/13744","targetHints":{"allow":["GET"]}}],"collection":[{"href":"https:\/\/darommoveis.com.br\/catalogo\/wp-json\/wp\/v2\/product"}],"about":[{"href":"https:\/\/darommoveis.com.br\/catalogo\/wp-json\/wp\/v2\/types\/product"}],"version-history":[{"count":0,"href":"https:\/\/darommoveis.com.br\/catalogo\/wp-json\/wp\/v2\/product\/13744\/revisions"}],"wp:attachment":[{"href":"https:\/\/darommoveis.com.br\/catalogo\/wp-json\/wp\/v2\/media?parent=13744"}],"wp:term":[{"taxonomy":"product_brand","embeddable":true,"href":"https:\/\/darommoveis.com.br\/catalogo\/wp-json\/wp\/v2\/product_brand?post=13744"},{"taxonomy":"product_cat","embeddable":true,"href":"https:\/\/darommoveis.com.br\/catalogo\/wp-json\/wp\/v2\/product_cat?post=13744"},{"taxonomy":"product_tag","embeddable":true,"href":"https:\/\/darommoveis.com.br\/catalogo\/wp-json\/wp\/v2\/product_tag?post=13744"}],"curies":[{"name":"wp","href":"https:\/\/api.w.org\/{rel}","templated":true}]}}