{"id":13768,"date":"2024-12-16T16:24:12","date_gmt":"2024-12-16T19:24:12","guid":{"rendered":"https:\/\/darommoveis.com.br\/catalogo\/?post_type=product&#038;p=13768"},"modified":"2025-09-05T16:05:15","modified_gmt":"2025-09-05T19:05:15","slug":"comoda-rud-rack-paola-5g-branco","status":"publish","type":"product","link":"https:\/\/darommoveis.com.br\/catalogo\/produto\/comoda-rud-rack-paola-5g-branco\/","title":{"rendered":"Comoda Rud Rack Paola 5g Branco"},"content":{"rendered":"<p>. Produto em MDF e MDP<br \/>\n. 05 Gavetas com Corredi\u00e7as Met\u00e1licas<br \/>\n. Puxadores em PVC<br \/>\n. 04 P\u00e9s em PVC<\/p>\n<p>Altura: 100cm<br \/>\nLargura: 64cm<br \/>\nProfundidade: 43cm<\/p>\n","protected":false},"excerpt":{"rendered":"<p>. Produto em MDF e MDP . 05 Gavetas com Corredi\u00e7as Met\u00e1licas . Puxadores em PVC . 04 P\u00e9s em PVC Altura: 100cm Largura: 64cm Profundidade: 43cm<\/p>\n","protected":false},"featured_media":0,"template":"","meta":[],"product_brand":[508],"product_cat":[239],"product_tag":[],"class_list":{"0":"post-13768","1":"product","2":"type-product","3":"status-publish","5":"product_brand-rud-rack","6":"product_cat-comodas","8":"first","9":"onbackorder","10":"shipping-taxable","11":"purchasable","12":"product-type-simple"},"_links":{"self":[{"href":"https:\/\/darommoveis.com.br\/catalogo\/wp-json\/wp\/v2\/product\/13768","targetHints":{"allow":["GET"]}}],"collection":[{"href":"https:\/\/darommoveis.com.br\/catalogo\/wp-json\/wp\/v2\/product"}],"about":[{"href":"https:\/\/darommoveis.com.br\/catalogo\/wp-json\/wp\/v2\/types\/product"}],"version-history":[{"count":0,"href":"https:\/\/darommoveis.com.br\/catalogo\/wp-json\/wp\/v2\/product\/13768\/revisions"}],"wp:attachment":[{"href":"https:\/\/darommoveis.com.br\/catalogo\/wp-json\/wp\/v2\/media?parent=13768"}],"wp:term":[{"taxonomy":"product_brand","embeddable":true,"href":"https:\/\/darommoveis.com.br\/catalogo\/wp-json\/wp\/v2\/product_brand?post=13768"},{"taxonomy":"product_cat","embeddable":true,"href":"https:\/\/darommoveis.com.br\/catalogo\/wp-json\/wp\/v2\/product_cat?post=13768"},{"taxonomy":"product_tag","embeddable":true,"href":"https:\/\/darommoveis.com.br\/catalogo\/wp-json\/wp\/v2\/product_tag?post=13768"}],"curies":[{"name":"wp","href":"https:\/\/api.w.org\/{rel}","templated":true}]}}