{"id":13839,"date":"2024-12-16T16:24:51","date_gmt":"2024-12-16T19:24:51","guid":{"rendered":"https:\/\/darommoveis.com.br\/catalogo\/?post_type=product&#038;p=13839"},"modified":"2025-09-05T16:05:17","modified_gmt":"2025-09-05T19:05:17","slug":"roupeiro-lanza-amsterda-6pts-branco","status":"publish","type":"product","link":"https:\/\/darommoveis.com.br\/catalogo\/produto\/roupeiro-lanza-amsterda-6pts-branco\/","title":{"rendered":"Roupeiro Lanza Amsterda 6pts Branco"},"content":{"rendered":"<p>100% MDP<br \/>\nP\u00e9s em Madeira<br \/>\nPe\u00e7as Internas em 15mm<br \/>\n\u00d3tima divis\u00f3ria e Profundidade<br \/>\nCabideiros e Acess\u00f3rios Met\u00e1licos<br \/>\nCorredi\u00e7a Telesc\u00f3pica nas Gavetas<br \/>\nFechadura em uma gaveta<\/p>\n<p>Altura: 238cm<br \/>\nLargura: 260cm<br \/>\nprofundidade: 60cm<\/p>\n","protected":false},"excerpt":{"rendered":"<p>100% MDP P\u00e9s em Madeira Pe\u00e7as Internas em 15mm \u00d3tima divis\u00f3ria e Profundidade Cabideiros e Acess\u00f3rios Met\u00e1licos Corredi\u00e7a Telesc\u00f3pica nas Gavetas Fechadura em uma gaveta Altura: 238cm Largura: 260cm profundidade: 60cm<\/p>\n","protected":false},"featured_media":0,"template":"","meta":[],"product_brand":[518],"product_cat":[227],"product_tag":[],"class_list":{"0":"post-13839","1":"product","2":"type-product","3":"status-publish","5":"product_brand-lanza","6":"product_cat-roupeiro","8":"first","9":"instock","10":"shipping-taxable","11":"purchasable","12":"product-type-simple"},"_links":{"self":[{"href":"https:\/\/darommoveis.com.br\/catalogo\/wp-json\/wp\/v2\/product\/13839","targetHints":{"allow":["GET"]}}],"collection":[{"href":"https:\/\/darommoveis.com.br\/catalogo\/wp-json\/wp\/v2\/product"}],"about":[{"href":"https:\/\/darommoveis.com.br\/catalogo\/wp-json\/wp\/v2\/types\/product"}],"version-history":[{"count":0,"href":"https:\/\/darommoveis.com.br\/catalogo\/wp-json\/wp\/v2\/product\/13839\/revisions"}],"wp:attachment":[{"href":"https:\/\/darommoveis.com.br\/catalogo\/wp-json\/wp\/v2\/media?parent=13839"}],"wp:term":[{"taxonomy":"product_brand","embeddable":true,"href":"https:\/\/darommoveis.com.br\/catalogo\/wp-json\/wp\/v2\/product_brand?post=13839"},{"taxonomy":"product_cat","embeddable":true,"href":"https:\/\/darommoveis.com.br\/catalogo\/wp-json\/wp\/v2\/product_cat?post=13839"},{"taxonomy":"product_tag","embeddable":true,"href":"https:\/\/darommoveis.com.br\/catalogo\/wp-json\/wp\/v2\/product_tag?post=13839"}],"curies":[{"name":"wp","href":"https:\/\/api.w.org\/{rel}","templated":true}]}}