{"id":13909,"date":"2024-12-16T16:25:22","date_gmt":"2024-12-16T19:25:22","guid":{"rendered":"https:\/\/darommoveis.com.br\/catalogo\/?post_type=product&#038;p=13909"},"modified":"2025-09-05T16:05:19","modified_gmt":"2025-09-05T19:05:19","slug":"roupeiro-incorplac-modena-6p-2g-malbec","status":"publish","type":"product","link":"https:\/\/darommoveis.com.br\/catalogo\/produto\/roupeiro-incorplac-modena-6p-2g-malbec\/","title":{"rendered":"Roupeiro Incorplac Modena 6p 2g Malbec"},"content":{"rendered":"<p>Dobradi\u00e7a 26mm<br \/>\nCorredi\u00e7a Telesc\u00f3pica<br \/>\nP\u00e9s Inclusos<br \/>\n6 Portas<br \/>\n2 Gavetas<br \/>\nOp\u00e7\u00e3o com e sem Espelho<\/p>\n<p>Altura: 187cm<br \/>\nLargura: 150cm<br \/>\nProfundidade: 42,5cm<\/p>\n","protected":false},"excerpt":{"rendered":"<p>Dobradi\u00e7a 26mm Corredi\u00e7a Telesc\u00f3pica P\u00e9s Inclusos 6 Portas 2 Gavetas Op\u00e7\u00e3o com e sem Espelho Altura: 187cm Largura: 150cm Profundidade: 42,5cm<\/p>\n","protected":false},"featured_media":0,"template":"","meta":[],"product_brand":[515],"product_cat":[227],"product_tag":[],"class_list":{"0":"post-13909","1":"product","2":"type-product","3":"status-publish","5":"product_brand-incorplac","6":"product_cat-roupeiro","8":"first","9":"onbackorder","10":"shipping-taxable","11":"purchasable","12":"product-type-simple"},"_links":{"self":[{"href":"https:\/\/darommoveis.com.br\/catalogo\/wp-json\/wp\/v2\/product\/13909","targetHints":{"allow":["GET"]}}],"collection":[{"href":"https:\/\/darommoveis.com.br\/catalogo\/wp-json\/wp\/v2\/product"}],"about":[{"href":"https:\/\/darommoveis.com.br\/catalogo\/wp-json\/wp\/v2\/types\/product"}],"version-history":[{"count":0,"href":"https:\/\/darommoveis.com.br\/catalogo\/wp-json\/wp\/v2\/product\/13909\/revisions"}],"wp:attachment":[{"href":"https:\/\/darommoveis.com.br\/catalogo\/wp-json\/wp\/v2\/media?parent=13909"}],"wp:term":[{"taxonomy":"product_brand","embeddable":true,"href":"https:\/\/darommoveis.com.br\/catalogo\/wp-json\/wp\/v2\/product_brand?post=13909"},{"taxonomy":"product_cat","embeddable":true,"href":"https:\/\/darommoveis.com.br\/catalogo\/wp-json\/wp\/v2\/product_cat?post=13909"},{"taxonomy":"product_tag","embeddable":true,"href":"https:\/\/darommoveis.com.br\/catalogo\/wp-json\/wp\/v2\/product_tag?post=13909"}],"curies":[{"name":"wp","href":"https:\/\/api.w.org\/{rel}","templated":true}]}}