{"id":13912,"date":"2024-12-16T16:25:29","date_gmt":"2024-12-16T19:25:29","guid":{"rendered":"https:\/\/darommoveis.com.br\/catalogo\/?post_type=product&#038;p=13912"},"modified":"2025-09-05T16:05:19","modified_gmt":"2025-09-05T19:05:19","slug":"roupeiro-incorplac-londres-6p-6g-malbec","status":"publish","type":"product","link":"https:\/\/darommoveis.com.br\/catalogo\/produto\/roupeiro-incorplac-londres-6p-6g-malbec\/","title":{"rendered":"Roupeiro Incorplac Londres 6p 6g Malbec"},"content":{"rendered":"<p>Dobradi\u00e7a 26mm<br \/>\nCorredi\u00e7a Telesc\u00f3pica<br \/>\nP\u00e9s inclusos<br \/>\n6 Portas<br \/>\n6 Gavetas<br \/>\nEspelho<\/p>\n<p>Altura: 220cm<br \/>\nLargura: 200cm<br \/>\nProfundidade: 47cm<\/p>\n","protected":false},"excerpt":{"rendered":"<p>Dobradi\u00e7a 26mm Corredi\u00e7a Telesc\u00f3pica P\u00e9s inclusos 6 Portas 6 Gavetas Espelho Altura: 220cm Largura: 200cm Profundidade: 47cm<\/p>\n","protected":false},"featured_media":0,"template":"","meta":[],"product_brand":[515],"product_cat":[227],"product_tag":[],"class_list":{"0":"post-13912","1":"product","2":"type-product","3":"status-publish","5":"product_brand-incorplac","6":"product_cat-roupeiro","8":"first","9":"onbackorder","10":"shipping-taxable","11":"purchasable","12":"product-type-simple"},"_links":{"self":[{"href":"https:\/\/darommoveis.com.br\/catalogo\/wp-json\/wp\/v2\/product\/13912","targetHints":{"allow":["GET"]}}],"collection":[{"href":"https:\/\/darommoveis.com.br\/catalogo\/wp-json\/wp\/v2\/product"}],"about":[{"href":"https:\/\/darommoveis.com.br\/catalogo\/wp-json\/wp\/v2\/types\/product"}],"version-history":[{"count":0,"href":"https:\/\/darommoveis.com.br\/catalogo\/wp-json\/wp\/v2\/product\/13912\/revisions"}],"wp:attachment":[{"href":"https:\/\/darommoveis.com.br\/catalogo\/wp-json\/wp\/v2\/media?parent=13912"}],"wp:term":[{"taxonomy":"product_brand","embeddable":true,"href":"https:\/\/darommoveis.com.br\/catalogo\/wp-json\/wp\/v2\/product_brand?post=13912"},{"taxonomy":"product_cat","embeddable":true,"href":"https:\/\/darommoveis.com.br\/catalogo\/wp-json\/wp\/v2\/product_cat?post=13912"},{"taxonomy":"product_tag","embeddable":true,"href":"https:\/\/darommoveis.com.br\/catalogo\/wp-json\/wp\/v2\/product_tag?post=13912"}],"curies":[{"name":"wp","href":"https:\/\/api.w.org\/{rel}","templated":true}]}}