{"id":13930,"date":"2024-12-16T16:25:35","date_gmt":"2024-12-16T19:25:35","guid":{"rendered":"https:\/\/darommoveis.com.br\/catalogo\/?post_type=product&#038;p=13930"},"modified":"2025-09-30T00:00:41","modified_gmt":"2025-09-30T03:00:41","slug":"rack-linea-camboriu-160-amendoa-titanio","status":"publish","type":"product","link":"https:\/\/darommoveis.com.br\/catalogo\/produto\/rack-linea-camboriu-160-amendoa-titanio\/","title":{"rendered":"Rack Linea Camboriu 160 Amendoa\/titanio"},"content":{"rendered":"<p>Espa\u00e7o para decora\u00e7\u00e3o<br \/>\nP\u00e9s em Estilo Retr\u00f4<br \/>\nPorta de Abrir com Detalhe Ripado<br \/>\nIdeal para TV de 65&#8243;<\/p>\n<p>Altura: 71cm<br \/>\nLargura: 160cm<br \/>\nProfundidade: 36cm<\/p>\n","protected":false},"excerpt":{"rendered":"<p>Espa\u00e7o para decora\u00e7\u00e3o P\u00e9s em Estilo Retr\u00f4 Porta de Abrir com Detalhe Ripado Ideal para TV de 65&#8243; Altura: 71cm Largura: 160cm Profundidade: 36cm<\/p>\n","protected":false},"featured_media":0,"template":"","meta":[],"product_brand":[517],"product_cat":[462],"product_tag":[],"class_list":{"0":"post-13930","1":"product","2":"type-product","3":"status-publish","5":"product_brand-linea-brasil","6":"product_cat-rack","8":"first","9":"instock","10":"shipping-taxable","11":"purchasable","12":"product-type-simple"},"_links":{"self":[{"href":"https:\/\/darommoveis.com.br\/catalogo\/wp-json\/wp\/v2\/product\/13930","targetHints":{"allow":["GET"]}}],"collection":[{"href":"https:\/\/darommoveis.com.br\/catalogo\/wp-json\/wp\/v2\/product"}],"about":[{"href":"https:\/\/darommoveis.com.br\/catalogo\/wp-json\/wp\/v2\/types\/product"}],"version-history":[{"count":0,"href":"https:\/\/darommoveis.com.br\/catalogo\/wp-json\/wp\/v2\/product\/13930\/revisions"}],"wp:attachment":[{"href":"https:\/\/darommoveis.com.br\/catalogo\/wp-json\/wp\/v2\/media?parent=13930"}],"wp:term":[{"taxonomy":"product_brand","embeddable":true,"href":"https:\/\/darommoveis.com.br\/catalogo\/wp-json\/wp\/v2\/product_brand?post=13930"},{"taxonomy":"product_cat","embeddable":true,"href":"https:\/\/darommoveis.com.br\/catalogo\/wp-json\/wp\/v2\/product_cat?post=13930"},{"taxonomy":"product_tag","embeddable":true,"href":"https:\/\/darommoveis.com.br\/catalogo\/wp-json\/wp\/v2\/product_tag?post=13930"}],"curies":[{"name":"wp","href":"https:\/\/api.w.org\/{rel}","templated":true}]}}