{"id":13941,"date":"2024-12-16T16:25:40","date_gmt":"2024-12-16T19:25:40","guid":{"rendered":"https:\/\/darommoveis.com.br\/catalogo\/?post_type=product&#038;p=13941"},"modified":"2025-09-05T16:05:19","modified_gmt":"2025-09-05T19:05:19","slug":"criado-linea-buzios-1g-off-white","status":"publish","type":"product","link":"https:\/\/darommoveis.com.br\/catalogo\/produto\/criado-linea-buzios-1g-off-white\/","title":{"rendered":"Criado Linea Buzios 1g Off White"},"content":{"rendered":"<p>P\u00e9s palitos em Madeira<br \/>\nGaveta com corredi\u00e7a telesc\u00f3pica e puxador em couro<\/p>\n<p>&nbsp;<\/p>\n<p>Altura: 65cm<br \/>\nLargura: 39cm<br \/>\nProfundidade: 30cm<\/p>\n","protected":false},"excerpt":{"rendered":"<p>P\u00e9s palitos em Madeira Gaveta com corredi\u00e7a telesc\u00f3pica e puxador em couro &nbsp; Altura: 65cm Largura: 39cm Profundidade: 30cm<\/p>\n","protected":false},"featured_media":0,"template":"","meta":[],"product_brand":[517],"product_cat":[378],"product_tag":[],"class_list":{"0":"post-13941","1":"product","2":"type-product","3":"status-publish","5":"product_brand-linea-brasil","6":"product_cat-criado","8":"first","9":"onbackorder","10":"shipping-taxable","11":"purchasable","12":"product-type-simple"},"_links":{"self":[{"href":"https:\/\/darommoveis.com.br\/catalogo\/wp-json\/wp\/v2\/product\/13941","targetHints":{"allow":["GET"]}}],"collection":[{"href":"https:\/\/darommoveis.com.br\/catalogo\/wp-json\/wp\/v2\/product"}],"about":[{"href":"https:\/\/darommoveis.com.br\/catalogo\/wp-json\/wp\/v2\/types\/product"}],"version-history":[{"count":0,"href":"https:\/\/darommoveis.com.br\/catalogo\/wp-json\/wp\/v2\/product\/13941\/revisions"}],"wp:attachment":[{"href":"https:\/\/darommoveis.com.br\/catalogo\/wp-json\/wp\/v2\/media?parent=13941"}],"wp:term":[{"taxonomy":"product_brand","embeddable":true,"href":"https:\/\/darommoveis.com.br\/catalogo\/wp-json\/wp\/v2\/product_brand?post=13941"},{"taxonomy":"product_cat","embeddable":true,"href":"https:\/\/darommoveis.com.br\/catalogo\/wp-json\/wp\/v2\/product_cat?post=13941"},{"taxonomy":"product_tag","embeddable":true,"href":"https:\/\/darommoveis.com.br\/catalogo\/wp-json\/wp\/v2\/product_tag?post=13941"}],"curies":[{"name":"wp","href":"https:\/\/api.w.org\/{rel}","templated":true}]}}