{"id":14021,"date":"2024-12-16T16:26:20","date_gmt":"2024-12-16T19:26:20","guid":{"rendered":"https:\/\/darommoveis.com.br\/catalogo\/?post_type=product&#038;p=14021"},"modified":"2025-09-05T16:05:21","modified_gmt":"2025-09-05T19:05:21","slug":"multiuso-moval-lirio-1p-branco","status":"publish","type":"product","link":"https:\/\/darommoveis.com.br\/catalogo\/produto\/multiuso-moval-lirio-1p-branco\/","title":{"rendered":"Multiuso Moval Lirio 1p Branco"},"content":{"rendered":"<ul>\n<li>1 Porta de giro<\/li>\n<li>3 Prateleiras com op\u00e7\u00f5es de altura<\/li>\n<li>Rod\u00edzios<\/li>\n<\/ul>\n<p>Altura: 102cm<br \/>\nLargura: 49cm<br \/>\nProfundidade: 41cm<\/p>\n","protected":false},"excerpt":{"rendered":"<p>1 Porta de giro 3 Prateleiras com op\u00e7\u00f5es de altura Rod\u00edzios Altura: 102cm Largura: 49cm Profundidade: 41cm<\/p>\n","protected":false},"featured_media":0,"template":"","meta":[],"product_brand":[516],"product_cat":[241],"product_tag":[],"class_list":{"0":"post-14021","1":"product","2":"type-product","3":"status-publish","5":"product_brand-moval","6":"product_cat-multiuso","8":"first","9":"onbackorder","10":"shipping-taxable","11":"purchasable","12":"product-type-simple"},"_links":{"self":[{"href":"https:\/\/darommoveis.com.br\/catalogo\/wp-json\/wp\/v2\/product\/14021","targetHints":{"allow":["GET"]}}],"collection":[{"href":"https:\/\/darommoveis.com.br\/catalogo\/wp-json\/wp\/v2\/product"}],"about":[{"href":"https:\/\/darommoveis.com.br\/catalogo\/wp-json\/wp\/v2\/types\/product"}],"version-history":[{"count":0,"href":"https:\/\/darommoveis.com.br\/catalogo\/wp-json\/wp\/v2\/product\/14021\/revisions"}],"wp:attachment":[{"href":"https:\/\/darommoveis.com.br\/catalogo\/wp-json\/wp\/v2\/media?parent=14021"}],"wp:term":[{"taxonomy":"product_brand","embeddable":true,"href":"https:\/\/darommoveis.com.br\/catalogo\/wp-json\/wp\/v2\/product_brand?post=14021"},{"taxonomy":"product_cat","embeddable":true,"href":"https:\/\/darommoveis.com.br\/catalogo\/wp-json\/wp\/v2\/product_cat?post=14021"},{"taxonomy":"product_tag","embeddable":true,"href":"https:\/\/darommoveis.com.br\/catalogo\/wp-json\/wp\/v2\/product_tag?post=14021"}],"curies":[{"name":"wp","href":"https:\/\/api.w.org\/{rel}","templated":true}]}}