{"id":14022,"date":"2024-12-16T16:26:20","date_gmt":"2024-12-16T19:26:20","guid":{"rendered":"https:\/\/darommoveis.com.br\/catalogo\/?post_type=product&#038;p=14022"},"modified":"2025-09-05T16:05:21","modified_gmt":"2025-09-05T19:05:21","slug":"comoda-moval-camarim-bella-1p-2g-branco","status":"publish","type":"product","link":"https:\/\/darommoveis.com.br\/catalogo\/produto\/comoda-moval-camarim-bella-1p-2g-branco\/","title":{"rendered":"Comoda Moval Camarim Bella 1p 2g Branco"},"content":{"rendered":"<ul>\n<li>1 Porta de giro<\/li>\n<li><span data-darksite-inline-colornannannan=\"\">2 Gavetas<\/span><\/li>\n<li>Corredi\u00e7as telesc\u00f3picas<\/li>\n<li>3 Lumin\u00e1rias de LED<\/li>\n<li>Divisor na gaveta maior<\/li>\n<li>Espelho fixado na pe\u00e7a<\/li>\n<li>Puxadores na cor bronze<\/li>\n<\/ul>\n<p>Altura: 137cm<br \/>\nLargura: 110cm<br \/>\nProfundidade: 47cm<\/p>\n","protected":false},"excerpt":{"rendered":"<p>1 Porta de giro 2 Gavetas Corredi\u00e7as telesc\u00f3picas 3 Lumin\u00e1rias de LED Divisor na gaveta maior Espelho fixado na pe\u00e7a Puxadores na cor bronze Altura: 137cm Largura: 110cm Profundidade: 47cm<\/p>\n","protected":false},"featured_media":0,"template":"","meta":[],"product_brand":[516],"product_cat":[239],"product_tag":[],"class_list":{"0":"post-14022","1":"product","2":"type-product","3":"status-publish","5":"product_brand-moval","6":"product_cat-comodas","8":"first","9":"onbackorder","10":"shipping-taxable","11":"purchasable","12":"product-type-simple"},"_links":{"self":[{"href":"https:\/\/darommoveis.com.br\/catalogo\/wp-json\/wp\/v2\/product\/14022","targetHints":{"allow":["GET"]}}],"collection":[{"href":"https:\/\/darommoveis.com.br\/catalogo\/wp-json\/wp\/v2\/product"}],"about":[{"href":"https:\/\/darommoveis.com.br\/catalogo\/wp-json\/wp\/v2\/types\/product"}],"version-history":[{"count":0,"href":"https:\/\/darommoveis.com.br\/catalogo\/wp-json\/wp\/v2\/product\/14022\/revisions"}],"wp:attachment":[{"href":"https:\/\/darommoveis.com.br\/catalogo\/wp-json\/wp\/v2\/media?parent=14022"}],"wp:term":[{"taxonomy":"product_brand","embeddable":true,"href":"https:\/\/darommoveis.com.br\/catalogo\/wp-json\/wp\/v2\/product_brand?post=14022"},{"taxonomy":"product_cat","embeddable":true,"href":"https:\/\/darommoveis.com.br\/catalogo\/wp-json\/wp\/v2\/product_cat?post=14022"},{"taxonomy":"product_tag","embeddable":true,"href":"https:\/\/darommoveis.com.br\/catalogo\/wp-json\/wp\/v2\/product_tag?post=14022"}],"curies":[{"name":"wp","href":"https:\/\/api.w.org\/{rel}","templated":true}]}}