{"id":14024,"date":"2024-12-16T16:26:21","date_gmt":"2024-12-16T19:26:21","guid":{"rendered":"https:\/\/darommoveis.com.br\/catalogo\/?post_type=product&#038;p=14024"},"modified":"2025-09-05T16:05:21","modified_gmt":"2025-09-05T19:05:21","slug":"comoda-moval-camarim-sonhos-1p-4g-branco","status":"publish","type":"product","link":"https:\/\/darommoveis.com.br\/catalogo\/produto\/comoda-moval-camarim-sonhos-1p-4g-branco\/","title":{"rendered":"Comoda Moval Camarim Sonhos 1p 4g Branco"},"content":{"rendered":"<ul>\n<li>5 Gavetas<\/li>\n<li>Corredi\u00e7as telesc\u00f3picas<\/li>\n<li>Gaveta central com divisor<\/li>\n<li>Painel com espelho<\/li>\n<li>2 Lumin\u00e1rias de LED<\/li>\n<li>Espelho fixado na pe\u00e7a<\/li>\n<li>Puxadores na cor bronze<\/li>\n<\/ul>\n<p>Altura: 137cm<br \/>\nLargura: 121cm<br \/>\nProfundidade: 48cm<\/p>\n","protected":false},"excerpt":{"rendered":"<p>5 Gavetas Corredi\u00e7as telesc\u00f3picas Gaveta central com divisor Painel com espelho 2 Lumin\u00e1rias de LED Espelho fixado na pe\u00e7a Puxadores na cor bronze Altura: 137cm Largura: 121cm Profundidade: 48cm<\/p>\n","protected":false},"featured_media":0,"template":"","meta":[],"product_brand":[516],"product_cat":[239],"product_tag":[],"class_list":{"0":"post-14024","1":"product","2":"type-product","3":"status-publish","5":"product_brand-moval","6":"product_cat-comodas","8":"first","9":"onbackorder","10":"shipping-taxable","11":"purchasable","12":"product-type-simple"},"_links":{"self":[{"href":"https:\/\/darommoveis.com.br\/catalogo\/wp-json\/wp\/v2\/product\/14024","targetHints":{"allow":["GET"]}}],"collection":[{"href":"https:\/\/darommoveis.com.br\/catalogo\/wp-json\/wp\/v2\/product"}],"about":[{"href":"https:\/\/darommoveis.com.br\/catalogo\/wp-json\/wp\/v2\/types\/product"}],"version-history":[{"count":0,"href":"https:\/\/darommoveis.com.br\/catalogo\/wp-json\/wp\/v2\/product\/14024\/revisions"}],"wp:attachment":[{"href":"https:\/\/darommoveis.com.br\/catalogo\/wp-json\/wp\/v2\/media?parent=14024"}],"wp:term":[{"taxonomy":"product_brand","embeddable":true,"href":"https:\/\/darommoveis.com.br\/catalogo\/wp-json\/wp\/v2\/product_brand?post=14024"},{"taxonomy":"product_cat","embeddable":true,"href":"https:\/\/darommoveis.com.br\/catalogo\/wp-json\/wp\/v2\/product_cat?post=14024"},{"taxonomy":"product_tag","embeddable":true,"href":"https:\/\/darommoveis.com.br\/catalogo\/wp-json\/wp\/v2\/product_tag?post=14024"}],"curies":[{"name":"wp","href":"https:\/\/api.w.org\/{rel}","templated":true}]}}