{"id":14026,"date":"2024-12-16T16:26:21","date_gmt":"2024-12-16T19:26:21","guid":{"rendered":"https:\/\/darommoveis.com.br\/catalogo\/?post_type=product&#038;p=14026"},"modified":"2025-09-05T16:05:22","modified_gmt":"2025-09-05T19:05:22","slug":"comoda-moval-dhara-4g-freijo-off-white","status":"publish","type":"product","link":"https:\/\/darommoveis.com.br\/catalogo\/produto\/comoda-moval-dhara-4g-freijo-off-white\/","title":{"rendered":"Comoda Moval Dhara 4g Freijo\/off White"},"content":{"rendered":"<p>4 Gavetas<br \/>\nCorredi\u00e7as telesc\u00f3picas<br \/>\nPuxadores em MDF 250mm<br \/>\nTampo de 15mm<br \/>\nP\u00e9s em PVC<br \/>\nMolduras laterais de 25mm<\/p>\n<p>Altura: 103cm<br \/>\nLargura: 86cm<br \/>\nProfundidade: 47cm<\/p>\n","protected":false},"excerpt":{"rendered":"<p>4 Gavetas Corredi\u00e7as telesc\u00f3picas Puxadores em MDF 250mm Tampo de 15mm P\u00e9s em PVC Molduras laterais de 25mm Altura: 103cm Largura: 86cm Profundidade: 47cm<\/p>\n","protected":false},"featured_media":0,"template":"","meta":[],"product_brand":[516],"product_cat":[239],"product_tag":[],"class_list":{"0":"post-14026","1":"product","2":"type-product","3":"status-publish","5":"product_brand-moval","6":"product_cat-comodas","8":"first","9":"onbackorder","10":"shipping-taxable","11":"purchasable","12":"product-type-simple"},"_links":{"self":[{"href":"https:\/\/darommoveis.com.br\/catalogo\/wp-json\/wp\/v2\/product\/14026","targetHints":{"allow":["GET"]}}],"collection":[{"href":"https:\/\/darommoveis.com.br\/catalogo\/wp-json\/wp\/v2\/product"}],"about":[{"href":"https:\/\/darommoveis.com.br\/catalogo\/wp-json\/wp\/v2\/types\/product"}],"version-history":[{"count":0,"href":"https:\/\/darommoveis.com.br\/catalogo\/wp-json\/wp\/v2\/product\/14026\/revisions"}],"wp:attachment":[{"href":"https:\/\/darommoveis.com.br\/catalogo\/wp-json\/wp\/v2\/media?parent=14026"}],"wp:term":[{"taxonomy":"product_brand","embeddable":true,"href":"https:\/\/darommoveis.com.br\/catalogo\/wp-json\/wp\/v2\/product_brand?post=14026"},{"taxonomy":"product_cat","embeddable":true,"href":"https:\/\/darommoveis.com.br\/catalogo\/wp-json\/wp\/v2\/product_cat?post=14026"},{"taxonomy":"product_tag","embeddable":true,"href":"https:\/\/darommoveis.com.br\/catalogo\/wp-json\/wp\/v2\/product_tag?post=14026"}],"curies":[{"name":"wp","href":"https:\/\/api.w.org\/{rel}","templated":true}]}}