{"id":14094,"date":"2024-12-16T16:26:57","date_gmt":"2024-12-16T19:26:57","guid":{"rendered":"https:\/\/darommoveis.com.br\/catalogo\/?post_type=product&#038;p=14094"},"modified":"2025-09-05T16:05:24","modified_gmt":"2025-09-05T19:05:24","slug":"cabec-casal-solt-vila-rica-toquio-c-cr-nt-cam","status":"publish","type":"product","link":"https:\/\/darommoveis.com.br\/catalogo\/produto\/cabec-casal-solt-vila-rica-toquio-c-cr-nt-cam\/","title":{"rendered":"Cabeceira  Casal\/solt Vila Rica Toquio C\/cr Nt\/cam"},"content":{"rendered":"<p>Ajust\u00e1vel para Colch\u00f5es de 0,79m &#8211; 0,89m &#8211; 1,39m &#8211; 1,59m<br \/>\nPain\u00e9is Centrais Dupla Face com At\u00e9 3 Combina\u00e7\u00f5es de Cores<br \/>\nFixa\u00e7\u00e3o na Parede com Acabamento em Bot\u00e3o Parafuso Cromado<br \/>\nNichos Laterias Integrados para Apoiar Objetos Essenciais<\/p>\n<p>Altura: 120cm<br \/>\nLargura: 236cm e 160cm<br \/>\nProfundidade: 24cm<\/p>\n","protected":false},"excerpt":{"rendered":"<p>Ajust\u00e1vel para Colch\u00f5es de 0,79m &#8211; 0,89m &#8211; 1,39m &#8211; 1,59m Pain\u00e9is Centrais Dupla Face com At\u00e9 3 Combina\u00e7\u00f5es de Cores Fixa\u00e7\u00e3o na Parede com Acabamento em Bot\u00e3o Parafuso Cromado Nichos Laterias Integrados para Apoiar Objetos Essenciais Altura: 120cm Largura: 236cm e 160cm Profundidade: 24cm<\/p>\n","protected":false},"featured_media":0,"template":"","meta":[],"product_brand":[524],"product_cat":[231],"product_tag":[],"class_list":{"0":"post-14094","1":"product","2":"type-product","3":"status-publish","5":"product_brand-vila-rica","6":"product_cat-cabeceira","8":"first","9":"instock","10":"shipping-taxable","11":"purchasable","12":"product-type-simple"},"_links":{"self":[{"href":"https:\/\/darommoveis.com.br\/catalogo\/wp-json\/wp\/v2\/product\/14094","targetHints":{"allow":["GET"]}}],"collection":[{"href":"https:\/\/darommoveis.com.br\/catalogo\/wp-json\/wp\/v2\/product"}],"about":[{"href":"https:\/\/darommoveis.com.br\/catalogo\/wp-json\/wp\/v2\/types\/product"}],"version-history":[{"count":0,"href":"https:\/\/darommoveis.com.br\/catalogo\/wp-json\/wp\/v2\/product\/14094\/revisions"}],"wp:attachment":[{"href":"https:\/\/darommoveis.com.br\/catalogo\/wp-json\/wp\/v2\/media?parent=14094"}],"wp:term":[{"taxonomy":"product_brand","embeddable":true,"href":"https:\/\/darommoveis.com.br\/catalogo\/wp-json\/wp\/v2\/product_brand?post=14094"},{"taxonomy":"product_cat","embeddable":true,"href":"https:\/\/darommoveis.com.br\/catalogo\/wp-json\/wp\/v2\/product_cat?post=14094"},{"taxonomy":"product_tag","embeddable":true,"href":"https:\/\/darommoveis.com.br\/catalogo\/wp-json\/wp\/v2\/product_tag?post=14094"}],"curies":[{"name":"wp","href":"https:\/\/api.w.org\/{rel}","templated":true}]}}