{"id":14134,"date":"2024-12-16T16:27:16","date_gmt":"2024-12-16T19:27:16","guid":{"rendered":"https:\/\/darommoveis.com.br\/catalogo\/?post_type=product&#038;p=14134"},"modified":"2025-09-30T00:00:43","modified_gmt":"2025-09-30T03:00:43","slug":"rack-linea-colorado-180-nature-off-white","status":"publish","type":"product","link":"https:\/\/darommoveis.com.br\/catalogo\/produto\/rack-linea-colorado-180-nature-off-white\/","title":{"rendered":"Rack Linea Colorado 180 Nature\/off White"},"content":{"rendered":"<p>Porta de Abrir com Molduras Arredondadas<br \/>\nPuxador em couro com Detalhe Met\u00e1lico<br \/>\nP\u00e9s em Estilo Retr\u00f4<\/p>\n<p>Altura: 65cm<br \/>\nLargura: 180cm<br \/>\nProfundidade: 38cm<\/p>\n","protected":false},"excerpt":{"rendered":"<p>Porta de Abrir com Molduras Arredondadas Puxador em couro com Detalhe Met\u00e1lico P\u00e9s em Estilo Retr\u00f4 Altura: 65cm Largura: 180cm Profundidade: 38cm<\/p>\n","protected":false},"featured_media":0,"template":"","meta":[],"product_brand":[517],"product_cat":[462],"product_tag":[],"class_list":{"0":"post-14134","1":"product","2":"type-product","3":"status-publish","5":"product_brand-linea-brasil","6":"product_cat-rack","8":"first","9":"instock","10":"shipping-taxable","11":"purchasable","12":"product-type-simple"},"_links":{"self":[{"href":"https:\/\/darommoveis.com.br\/catalogo\/wp-json\/wp\/v2\/product\/14134","targetHints":{"allow":["GET"]}}],"collection":[{"href":"https:\/\/darommoveis.com.br\/catalogo\/wp-json\/wp\/v2\/product"}],"about":[{"href":"https:\/\/darommoveis.com.br\/catalogo\/wp-json\/wp\/v2\/types\/product"}],"version-history":[{"count":0,"href":"https:\/\/darommoveis.com.br\/catalogo\/wp-json\/wp\/v2\/product\/14134\/revisions"}],"wp:attachment":[{"href":"https:\/\/darommoveis.com.br\/catalogo\/wp-json\/wp\/v2\/media?parent=14134"}],"wp:term":[{"taxonomy":"product_brand","embeddable":true,"href":"https:\/\/darommoveis.com.br\/catalogo\/wp-json\/wp\/v2\/product_brand?post=14134"},{"taxonomy":"product_cat","embeddable":true,"href":"https:\/\/darommoveis.com.br\/catalogo\/wp-json\/wp\/v2\/product_cat?post=14134"},{"taxonomy":"product_tag","embeddable":true,"href":"https:\/\/darommoveis.com.br\/catalogo\/wp-json\/wp\/v2\/product_tag?post=14134"}],"curies":[{"name":"wp","href":"https:\/\/api.w.org\/{rel}","templated":true}]}}