{"id":14200,"date":"2024-12-16T16:27:59","date_gmt":"2024-12-16T19:27:59","guid":{"rendered":"https:\/\/darommoveis.com.br\/catalogo\/?post_type=product&#038;p=14200"},"modified":"2025-09-05T16:05:26","modified_gmt":"2025-09-05T19:05:26","slug":"buffet-linea-lucca-2p-nature-off-white","status":"publish","type":"product","link":"https:\/\/darommoveis.com.br\/catalogo\/produto\/buffet-linea-lucca-2p-nature-off-white\/","title":{"rendered":"Buffet Linea Lucca 2p Nature\/off White"},"content":{"rendered":"<p>2 Portas de Abrir<br \/>\nP\u00e9s em estilo Retr\u00f4<br \/>\nGaveta com detalhe ripado e corredi\u00e7a telesc\u00f3pica<\/p>\n<p>Altura: 87cm<br \/>\nLargura: 133cm<br \/>\nProfundidade: 38cm<\/p>\n","protected":false},"excerpt":{"rendered":"<p>2 Portas de Abrir P\u00e9s em estilo Retr\u00f4 Gaveta com detalhe ripado e corredi\u00e7a telesc\u00f3pica Altura: 87cm Largura: 133cm Profundidade: 38cm<\/p>\n","protected":false},"featured_media":0,"template":"","meta":[],"product_brand":[517],"product_cat":[456],"product_tag":[],"class_list":{"0":"post-14200","1":"product","2":"type-product","3":"status-publish","5":"product_brand-linea-brasil","6":"product_cat-buffet","8":"first","9":"onbackorder","10":"shipping-taxable","11":"purchasable","12":"product-type-simple"},"_links":{"self":[{"href":"https:\/\/darommoveis.com.br\/catalogo\/wp-json\/wp\/v2\/product\/14200","targetHints":{"allow":["GET"]}}],"collection":[{"href":"https:\/\/darommoveis.com.br\/catalogo\/wp-json\/wp\/v2\/product"}],"about":[{"href":"https:\/\/darommoveis.com.br\/catalogo\/wp-json\/wp\/v2\/types\/product"}],"version-history":[{"count":0,"href":"https:\/\/darommoveis.com.br\/catalogo\/wp-json\/wp\/v2\/product\/14200\/revisions"}],"wp:attachment":[{"href":"https:\/\/darommoveis.com.br\/catalogo\/wp-json\/wp\/v2\/media?parent=14200"}],"wp:term":[{"taxonomy":"product_brand","embeddable":true,"href":"https:\/\/darommoveis.com.br\/catalogo\/wp-json\/wp\/v2\/product_brand?post=14200"},{"taxonomy":"product_cat","embeddable":true,"href":"https:\/\/darommoveis.com.br\/catalogo\/wp-json\/wp\/v2\/product_cat?post=14200"},{"taxonomy":"product_tag","embeddable":true,"href":"https:\/\/darommoveis.com.br\/catalogo\/wp-json\/wp\/v2\/product_tag?post=14200"}],"curies":[{"name":"wp","href":"https:\/\/api.w.org\/{rel}","templated":true}]}}