{"id":14204,"date":"2024-12-16T16:28:00","date_gmt":"2024-12-16T19:28:00","guid":{"rendered":"https:\/\/darommoveis.com.br\/catalogo\/?post_type=product&#038;p=14204"},"modified":"2025-09-05T16:05:26","modified_gmt":"2025-09-05T19:05:26","slug":"mesa-de-centro-linea-monaco-preto","status":"publish","type":"product","link":"https:\/\/darommoveis.com.br\/catalogo\/produto\/mesa-de-centro-linea-monaco-preto\/","title":{"rendered":"Mesa De Centro Linea Monaco Preto"},"content":{"rendered":"<p>P\u00e9s Met\u00e1licos<br \/>\nBase Arredondada com Acabamento em Couro Ecol\u00f3gico e Costura aparente<\/p>\n<p>Altura: 35cm<br \/>\nLargura: 93cm<br \/>\nProfundidade: 57cm<\/p>\n","protected":false},"excerpt":{"rendered":"<p>P\u00e9s Met\u00e1licos Base Arredondada com Acabamento em Couro Ecol\u00f3gico e Costura aparente Altura: 35cm Largura: 93cm Profundidade: 57cm<\/p>\n","protected":false},"featured_media":0,"template":"","meta":[],"product_brand":[517],"product_cat":[458],"product_tag":[],"class_list":{"0":"post-14204","1":"product","2":"type-product","3":"status-publish","5":"product_brand-linea-brasil","6":"product_cat-mesa-de-centro","8":"first","9":"onbackorder","10":"shipping-taxable","11":"purchasable","12":"product-type-simple"},"_links":{"self":[{"href":"https:\/\/darommoveis.com.br\/catalogo\/wp-json\/wp\/v2\/product\/14204","targetHints":{"allow":["GET"]}}],"collection":[{"href":"https:\/\/darommoveis.com.br\/catalogo\/wp-json\/wp\/v2\/product"}],"about":[{"href":"https:\/\/darommoveis.com.br\/catalogo\/wp-json\/wp\/v2\/types\/product"}],"version-history":[{"count":0,"href":"https:\/\/darommoveis.com.br\/catalogo\/wp-json\/wp\/v2\/product\/14204\/revisions"}],"wp:attachment":[{"href":"https:\/\/darommoveis.com.br\/catalogo\/wp-json\/wp\/v2\/media?parent=14204"}],"wp:term":[{"taxonomy":"product_brand","embeddable":true,"href":"https:\/\/darommoveis.com.br\/catalogo\/wp-json\/wp\/v2\/product_brand?post=14204"},{"taxonomy":"product_cat","embeddable":true,"href":"https:\/\/darommoveis.com.br\/catalogo\/wp-json\/wp\/v2\/product_cat?post=14204"},{"taxonomy":"product_tag","embeddable":true,"href":"https:\/\/darommoveis.com.br\/catalogo\/wp-json\/wp\/v2\/product_tag?post=14204"}],"curies":[{"name":"wp","href":"https:\/\/api.w.org\/{rel}","templated":true}]}}