{"id":14291,"date":"2024-12-16T16:28:50","date_gmt":"2024-12-16T19:28:50","guid":{"rendered":"https:\/\/darommoveis.com.br\/catalogo\/?post_type=product&#038;p=14291"},"modified":"2025-09-30T00:00:43","modified_gmt":"2025-09-30T03:00:43","slug":"bancada-mobler-aurora-188-grigio-cinamomo-mel","status":"publish","type":"product","link":"https:\/\/darommoveis.com.br\/catalogo\/produto\/bancada-mobler-aurora-188-grigio-cinamomo-mel\/","title":{"rendered":"Bancada Mobler Aurora 188 Grigio\/cinamomo Mel"},"content":{"rendered":"<p>Mais do que um m\u00f3vel, \u00e9 tamb\u00e9m um item de decora\u00e7\u00e3o que traz a exuber\u00e2ncia de detalhes como seu grande diferencial.<br \/>\nEspa\u00e7o TV 75&#8221;<br \/>\nPorta ripada de correr<br \/>\nP\u00e9s e tampo de 25mm<\/p>\n<p>Altura: 71,5cm<br \/>\nLargura: 188cm<br \/>\nProfundidade: 36cm<\/p>\n<div id=\"1410490812\" class=\"u_1410490812 dmRespCol small-12 medium-6 large-6 content-removed\" data-anim-desktop=\"fadeIn\">\n<div id=\"1800460195\" class=\"u_1800460195 dmNewParagraph\" data-element-type=\"paragraph\" data-version=\"5\"><\/div>\n<\/div>\n","protected":false},"excerpt":{"rendered":"<p>Mais do que um m\u00f3vel, \u00e9 tamb\u00e9m um item de decora\u00e7\u00e3o que traz a exuber\u00e2ncia de detalhes como seu grande diferencial. Espa\u00e7o TV 75&#8221; Porta ripada de correr P\u00e9s e tampo de 25mm Altura: 71,5cm Largura: 188cm Profundidade: 36cm<\/p>\n","protected":false},"featured_media":0,"template":"","meta":[],"product_brand":[511],"product_cat":[503],"product_tag":[],"class_list":{"0":"post-14291","1":"product","2":"type-product","3":"status-publish","5":"product_brand-mobler","6":"product_cat-bancada","8":"first","9":"instock","10":"shipping-taxable","11":"purchasable","12":"product-type-simple"},"_links":{"self":[{"href":"https:\/\/darommoveis.com.br\/catalogo\/wp-json\/wp\/v2\/product\/14291","targetHints":{"allow":["GET"]}}],"collection":[{"href":"https:\/\/darommoveis.com.br\/catalogo\/wp-json\/wp\/v2\/product"}],"about":[{"href":"https:\/\/darommoveis.com.br\/catalogo\/wp-json\/wp\/v2\/types\/product"}],"version-history":[{"count":0,"href":"https:\/\/darommoveis.com.br\/catalogo\/wp-json\/wp\/v2\/product\/14291\/revisions"}],"wp:attachment":[{"href":"https:\/\/darommoveis.com.br\/catalogo\/wp-json\/wp\/v2\/media?parent=14291"}],"wp:term":[{"taxonomy":"product_brand","embeddable":true,"href":"https:\/\/darommoveis.com.br\/catalogo\/wp-json\/wp\/v2\/product_brand?post=14291"},{"taxonomy":"product_cat","embeddable":true,"href":"https:\/\/darommoveis.com.br\/catalogo\/wp-json\/wp\/v2\/product_cat?post=14291"},{"taxonomy":"product_tag","embeddable":true,"href":"https:\/\/darommoveis.com.br\/catalogo\/wp-json\/wp\/v2\/product_tag?post=14291"}],"curies":[{"name":"wp","href":"https:\/\/api.w.org\/{rel}","templated":true}]}}