{"id":14338,"date":"2024-12-16T16:29:13","date_gmt":"2024-12-16T19:29:13","guid":{"rendered":"https:\/\/darommoveis.com.br\/catalogo\/?post_type=product&#038;p=14338"},"modified":"2025-09-30T00:00:43","modified_gmt":"2025-09-30T03:00:43","slug":"roupeiro-moval-arizona-3p-correr-6g-freijo-off","status":"publish","type":"product","link":"https:\/\/darommoveis.com.br\/catalogo\/produto\/roupeiro-moval-arizona-3p-correr-6g-freijo-off\/","title":{"rendered":"Roupeiro Moval Arizona 3p Correr 6g Freijo\/off"},"content":{"rendered":"<ul>\n<li>Portas deslizantes com trilhos em alum\u00ednio<\/li>\n<li>6 Gavetas com corredi\u00e7as telesc\u00f3picas<\/li>\n<li>2 portas com puxadores ripados em MDF<\/li>\n<li>Cabideiros em alum\u00ednio<\/li>\n<li>Maleiros espa\u00e7osos<\/li>\n<li>Porta central com espelho<\/li>\n<li>Excelente distribui\u00e7\u00e3o interna<\/li>\n<\/ul>\n<p>Altura: 230cm<br \/>\nLargura: 260cm<br \/>\nProfundidade: 52cm<\/p>\n","protected":false},"excerpt":{"rendered":"<p>Portas deslizantes com trilhos em alum\u00ednio 6 Gavetas com corredi\u00e7as telesc\u00f3picas 2 portas com puxadores ripados em MDF Cabideiros em alum\u00ednio Maleiros espa\u00e7osos Porta central com espelho Excelente distribui\u00e7\u00e3o interna Altura: 230cm Largura: 260cm Profundidade: 52cm<\/p>\n","protected":false},"featured_media":0,"template":"","meta":[],"product_brand":[511],"product_cat":[227],"product_tag":[],"class_list":{"0":"post-14338","1":"product","2":"type-product","3":"status-publish","5":"product_brand-mobler","6":"product_cat-roupeiro","8":"first","9":"instock","10":"shipping-taxable","11":"purchasable","12":"product-type-simple"},"_links":{"self":[{"href":"https:\/\/darommoveis.com.br\/catalogo\/wp-json\/wp\/v2\/product\/14338","targetHints":{"allow":["GET"]}}],"collection":[{"href":"https:\/\/darommoveis.com.br\/catalogo\/wp-json\/wp\/v2\/product"}],"about":[{"href":"https:\/\/darommoveis.com.br\/catalogo\/wp-json\/wp\/v2\/types\/product"}],"version-history":[{"count":0,"href":"https:\/\/darommoveis.com.br\/catalogo\/wp-json\/wp\/v2\/product\/14338\/revisions"}],"wp:attachment":[{"href":"https:\/\/darommoveis.com.br\/catalogo\/wp-json\/wp\/v2\/media?parent=14338"}],"wp:term":[{"taxonomy":"product_brand","embeddable":true,"href":"https:\/\/darommoveis.com.br\/catalogo\/wp-json\/wp\/v2\/product_brand?post=14338"},{"taxonomy":"product_cat","embeddable":true,"href":"https:\/\/darommoveis.com.br\/catalogo\/wp-json\/wp\/v2\/product_cat?post=14338"},{"taxonomy":"product_tag","embeddable":true,"href":"https:\/\/darommoveis.com.br\/catalogo\/wp-json\/wp\/v2\/product_tag?post=14338"}],"curies":[{"name":"wp","href":"https:\/\/api.w.org\/{rel}","templated":true}]}}