{"id":14485,"date":"2024-12-16T16:30:34","date_gmt":"2024-12-16T19:30:34","guid":{"rendered":"https:\/\/darommoveis.com.br\/catalogo\/?post_type=product&#038;p=14485"},"modified":"2025-09-05T16:05:33","modified_gmt":"2025-09-05T19:05:33","slug":"comoda-moval-georgia-8g-freijo-cinza","status":"publish","type":"product","link":"https:\/\/darommoveis.com.br\/catalogo\/produto\/comoda-moval-georgia-8g-freijo-cinza\/","title":{"rendered":"Comoda Moval Georgia 8g Freijo\/cinza"},"content":{"rendered":"<ul>\n<li>8 Gavetas com corredi\u00e7as telesc\u00f3picas<\/li>\n<li>Gavetas com puxadores usinados<\/li>\n<li>P\u00e9s em PVC para facilitar a limpeza<\/li>\n<\/ul>\n<p>Altura: 108cm<br \/>\nLargura: 147cm<br \/>\nProfundidade: 47cm<\/p>\n","protected":false},"excerpt":{"rendered":"<p>8 Gavetas com corredi\u00e7as telesc\u00f3picas Gavetas com puxadores usinados P\u00e9s em PVC para facilitar a limpeza Altura: 108cm Largura: 147cm Profundidade: 47cm<\/p>\n","protected":false},"featured_media":0,"template":"","meta":[],"product_brand":[516],"product_cat":[239],"product_tag":[],"class_list":{"0":"post-14485","1":"product","2":"type-product","3":"status-publish","5":"product_brand-moval","6":"product_cat-comodas","8":"first","9":"onbackorder","10":"shipping-taxable","11":"purchasable","12":"product-type-simple"},"_links":{"self":[{"href":"https:\/\/darommoveis.com.br\/catalogo\/wp-json\/wp\/v2\/product\/14485","targetHints":{"allow":["GET"]}}],"collection":[{"href":"https:\/\/darommoveis.com.br\/catalogo\/wp-json\/wp\/v2\/product"}],"about":[{"href":"https:\/\/darommoveis.com.br\/catalogo\/wp-json\/wp\/v2\/types\/product"}],"version-history":[{"count":0,"href":"https:\/\/darommoveis.com.br\/catalogo\/wp-json\/wp\/v2\/product\/14485\/revisions"}],"wp:attachment":[{"href":"https:\/\/darommoveis.com.br\/catalogo\/wp-json\/wp\/v2\/media?parent=14485"}],"wp:term":[{"taxonomy":"product_brand","embeddable":true,"href":"https:\/\/darommoveis.com.br\/catalogo\/wp-json\/wp\/v2\/product_brand?post=14485"},{"taxonomy":"product_cat","embeddable":true,"href":"https:\/\/darommoveis.com.br\/catalogo\/wp-json\/wp\/v2\/product_cat?post=14485"},{"taxonomy":"product_tag","embeddable":true,"href":"https:\/\/darommoveis.com.br\/catalogo\/wp-json\/wp\/v2\/product_tag?post=14485"}],"curies":[{"name":"wp","href":"https:\/\/api.w.org\/{rel}","templated":true}]}}