{"id":14486,"date":"2024-12-16T16:30:34","date_gmt":"2024-12-16T19:30:34","guid":{"rendered":"https:\/\/darommoveis.com.br\/catalogo\/?post_type=product&#038;p=14486"},"modified":"2025-09-05T16:05:33","modified_gmt":"2025-09-05T19:05:33","slug":"comoda-moval-georgia-8g-freijo-off-white","status":"publish","type":"product","link":"https:\/\/darommoveis.com.br\/catalogo\/produto\/comoda-moval-georgia-8g-freijo-off-white\/","title":{"rendered":"Comoda Moval Georgia 8g Freijo\/off White"},"content":{"rendered":"<p>8 Gavetas com corredi\u00e7as telesc\u00f3picas<br \/>\nGavetas com puxadores usinados<br \/>\nP\u00e9s em PVC para facilitar a limpeza<\/p>\n<p>Altura: 108cm<br \/>\nLargura: 147cm<br \/>\nProfundidade: 47cm<\/p>\n","protected":false},"excerpt":{"rendered":"<p>8 Gavetas com corredi\u00e7as telesc\u00f3picas Gavetas com puxadores usinados P\u00e9s em PVC para facilitar a limpeza Altura: 108cm Largura: 147cm Profundidade: 47cm<\/p>\n","protected":false},"featured_media":0,"template":"","meta":[],"product_brand":[516],"product_cat":[239],"product_tag":[],"class_list":{"0":"post-14486","1":"product","2":"type-product","3":"status-publish","5":"product_brand-moval","6":"product_cat-comodas","8":"first","9":"onbackorder","10":"shipping-taxable","11":"purchasable","12":"product-type-simple"},"_links":{"self":[{"href":"https:\/\/darommoveis.com.br\/catalogo\/wp-json\/wp\/v2\/product\/14486","targetHints":{"allow":["GET"]}}],"collection":[{"href":"https:\/\/darommoveis.com.br\/catalogo\/wp-json\/wp\/v2\/product"}],"about":[{"href":"https:\/\/darommoveis.com.br\/catalogo\/wp-json\/wp\/v2\/types\/product"}],"version-history":[{"count":0,"href":"https:\/\/darommoveis.com.br\/catalogo\/wp-json\/wp\/v2\/product\/14486\/revisions"}],"wp:attachment":[{"href":"https:\/\/darommoveis.com.br\/catalogo\/wp-json\/wp\/v2\/media?parent=14486"}],"wp:term":[{"taxonomy":"product_brand","embeddable":true,"href":"https:\/\/darommoveis.com.br\/catalogo\/wp-json\/wp\/v2\/product_brand?post=14486"},{"taxonomy":"product_cat","embeddable":true,"href":"https:\/\/darommoveis.com.br\/catalogo\/wp-json\/wp\/v2\/product_cat?post=14486"},{"taxonomy":"product_tag","embeddable":true,"href":"https:\/\/darommoveis.com.br\/catalogo\/wp-json\/wp\/v2\/product_tag?post=14486"}],"curies":[{"name":"wp","href":"https:\/\/api.w.org\/{rel}","templated":true}]}}