{"id":14513,"date":"2024-12-16T16:30:52","date_gmt":"2024-12-16T19:30:52","guid":{"rendered":"https:\/\/darommoveis.com.br\/catalogo\/?post_type=product&#038;p=14513"},"modified":"2025-09-30T00:00:43","modified_gmt":"2025-09-30T03:00:43","slug":"roupeiro-caemmun-milanus-6p-6g-freijo-off-whit","status":"publish","type":"product","link":"https:\/\/darommoveis.com.br\/catalogo\/produto\/roupeiro-caemmun-milanus-6p-6g-freijo-off-whit\/","title":{"rendered":"Roupeiro Caemmun Milanus 6p 6g Freijo\/off Whit"},"content":{"rendered":"<p>100% MDF<br \/>\nEstrutura de 25MM<br \/>\nMaleiro Central<br \/>\nGaveta com Corredi\u00e7a telesc\u00f3pica<br \/>\nConjunto Led Opcional<br \/>\n20 Reparti\u00e7\u00f5es<\/p>\n<p>Altura: 231,3cm<br \/>\nLargura: 265cm<br \/>\nProfundidade: 58,5cm<\/p>\n","protected":false},"excerpt":{"rendered":"<p>100% MDF Estrutura de 25MM Maleiro Central Gaveta com Corredi\u00e7a telesc\u00f3pica Conjunto Led Opcional 20 Reparti\u00e7\u00f5es Altura: 231,3cm Largura: 265cm Profundidade: 58,5cm<\/p>\n","protected":false},"featured_media":0,"template":"","meta":[],"product_brand":[520],"product_cat":[227],"product_tag":[],"class_list":{"0":"post-14513","1":"product","2":"type-product","3":"status-publish","5":"product_brand-caemmun","6":"product_cat-roupeiro","8":"first","9":"instock","10":"shipping-taxable","11":"purchasable","12":"product-type-simple"},"_links":{"self":[{"href":"https:\/\/darommoveis.com.br\/catalogo\/wp-json\/wp\/v2\/product\/14513","targetHints":{"allow":["GET"]}}],"collection":[{"href":"https:\/\/darommoveis.com.br\/catalogo\/wp-json\/wp\/v2\/product"}],"about":[{"href":"https:\/\/darommoveis.com.br\/catalogo\/wp-json\/wp\/v2\/types\/product"}],"version-history":[{"count":0,"href":"https:\/\/darommoveis.com.br\/catalogo\/wp-json\/wp\/v2\/product\/14513\/revisions"}],"wp:attachment":[{"href":"https:\/\/darommoveis.com.br\/catalogo\/wp-json\/wp\/v2\/media?parent=14513"}],"wp:term":[{"taxonomy":"product_brand","embeddable":true,"href":"https:\/\/darommoveis.com.br\/catalogo\/wp-json\/wp\/v2\/product_brand?post=14513"},{"taxonomy":"product_cat","embeddable":true,"href":"https:\/\/darommoveis.com.br\/catalogo\/wp-json\/wp\/v2\/product_cat?post=14513"},{"taxonomy":"product_tag","embeddable":true,"href":"https:\/\/darommoveis.com.br\/catalogo\/wp-json\/wp\/v2\/product_tag?post=14513"}],"curies":[{"name":"wp","href":"https:\/\/api.w.org\/{rel}","templated":true}]}}