{"id":21963,"date":"2025-02-28T16:04:51","date_gmt":"2025-02-28T19:04:51","guid":{"rendered":"https:\/\/darommoveis.com.br\/catalogo\/?post_type=product&#038;p=21963"},"modified":"2025-09-05T16:05:37","modified_gmt":"2025-09-05T19:05:37","slug":"cabec-moval-casal-flex-araguaia-2c-carv-fend","status":"publish","type":"product","link":"https:\/\/darommoveis.com.br\/catalogo\/produto\/cabec-moval-casal-flex-araguaia-2c-carv-fend\/","title":{"rendered":"CABEC. MOVAL CASAL FLEX ARAGUAIA 2C. CARV\/FEND"},"content":{"rendered":"<ul>\n<li>Mesa de cabeceira embutida<\/li>\n<li>Ideal para colch\u00f5es de 1,38m e 1,58m de largura<\/li>\n<li>2 Gavetas com corredi\u00e7as telesc\u00f3picas<\/li>\n<\/ul>\n<p>Altura: 115cm<br \/>\nLargura: 235cm \/ 255cm<br \/>\nProfundidade: 39cm<\/p>\n","protected":false},"excerpt":{"rendered":"<p>Mesa de cabeceira embutida Ideal para colch\u00f5es de 1,38m e 1,58m de largura 2 Gavetas com corredi\u00e7as telesc\u00f3picas Altura: 115cm Largura: 235cm \/ 255cm Profundidade: 39cm<\/p>\n","protected":false},"featured_media":0,"template":"","meta":[],"product_brand":[516],"product_cat":[231],"product_tag":[],"class_list":{"0":"post-21963","1":"product","2":"type-product","3":"status-publish","5":"product_brand-moval","6":"product_cat-cabeceira","8":"first","9":"onbackorder","10":"shipping-taxable","11":"purchasable","12":"product-type-simple"},"_links":{"self":[{"href":"https:\/\/darommoveis.com.br\/catalogo\/wp-json\/wp\/v2\/product\/21963","targetHints":{"allow":["GET"]}}],"collection":[{"href":"https:\/\/darommoveis.com.br\/catalogo\/wp-json\/wp\/v2\/product"}],"about":[{"href":"https:\/\/darommoveis.com.br\/catalogo\/wp-json\/wp\/v2\/types\/product"}],"version-history":[{"count":0,"href":"https:\/\/darommoveis.com.br\/catalogo\/wp-json\/wp\/v2\/product\/21963\/revisions"}],"wp:attachment":[{"href":"https:\/\/darommoveis.com.br\/catalogo\/wp-json\/wp\/v2\/media?parent=21963"}],"wp:term":[{"taxonomy":"product_brand","embeddable":true,"href":"https:\/\/darommoveis.com.br\/catalogo\/wp-json\/wp\/v2\/product_brand?post=21963"},{"taxonomy":"product_cat","embeddable":true,"href":"https:\/\/darommoveis.com.br\/catalogo\/wp-json\/wp\/v2\/product_cat?post=21963"},{"taxonomy":"product_tag","embeddable":true,"href":"https:\/\/darommoveis.com.br\/catalogo\/wp-json\/wp\/v2\/product_tag?post=21963"}],"curies":[{"name":"wp","href":"https:\/\/api.w.org\/{rel}","templated":true}]}}