{"id":21992,"date":"2025-03-12T09:08:29","date_gmt":"2025-03-12T12:08:29","guid":{"rendered":"https:\/\/darommoveis.com.br\/catalogo\/?post_type=product&#038;p=21992"},"modified":"2025-09-05T16:05:37","modified_gmt":"2025-09-05T19:05:37","slug":"comoda-moval-georgia-8g-carvalho-fendi","status":"publish","type":"product","link":"https:\/\/darommoveis.com.br\/catalogo\/produto\/comoda-moval-georgia-8g-carvalho-fendi\/","title":{"rendered":"COMODA MOVAL GEORGIA 8G CARVALHO\/FENDI"},"content":{"rendered":"<ul>\n<li>8 Gavetas com corredi\u00e7as telesc\u00f3picas<\/li>\n<li>Gavetas com puxadores usinados<\/li>\n<li>P\u00e9s em PVC para facilitar a limpeza<\/li>\n<\/ul>\n<p>Altura: 108cm<br \/>\nLargura: 147cm<br \/>\nProfundidade: 47cm<\/p>\n","protected":false},"excerpt":{"rendered":"<p>8 Gavetas com corredi\u00e7as telesc\u00f3picas Gavetas com puxadores usinados P\u00e9s em PVC para facilitar a limpeza Altura: 108cm Largura: 147cm Profundidade: 47cm<\/p>\n","protected":false},"featured_media":0,"template":"","meta":[],"product_brand":[516],"product_cat":[239],"product_tag":[],"class_list":{"0":"post-21992","1":"product","2":"type-product","3":"status-publish","5":"product_brand-moval","6":"product_cat-comodas","8":"first","9":"onbackorder","10":"shipping-taxable","11":"purchasable","12":"product-type-simple"},"_links":{"self":[{"href":"https:\/\/darommoveis.com.br\/catalogo\/wp-json\/wp\/v2\/product\/21992","targetHints":{"allow":["GET"]}}],"collection":[{"href":"https:\/\/darommoveis.com.br\/catalogo\/wp-json\/wp\/v2\/product"}],"about":[{"href":"https:\/\/darommoveis.com.br\/catalogo\/wp-json\/wp\/v2\/types\/product"}],"version-history":[{"count":0,"href":"https:\/\/darommoveis.com.br\/catalogo\/wp-json\/wp\/v2\/product\/21992\/revisions"}],"wp:attachment":[{"href":"https:\/\/darommoveis.com.br\/catalogo\/wp-json\/wp\/v2\/media?parent=21992"}],"wp:term":[{"taxonomy":"product_brand","embeddable":true,"href":"https:\/\/darommoveis.com.br\/catalogo\/wp-json\/wp\/v2\/product_brand?post=21992"},{"taxonomy":"product_cat","embeddable":true,"href":"https:\/\/darommoveis.com.br\/catalogo\/wp-json\/wp\/v2\/product_cat?post=21992"},{"taxonomy":"product_tag","embeddable":true,"href":"https:\/\/darommoveis.com.br\/catalogo\/wp-json\/wp\/v2\/product_tag?post=21992"}],"curies":[{"name":"wp","href":"https:\/\/api.w.org\/{rel}","templated":true}]}}