{"id":22254,"date":"2025-04-11T14:43:44","date_gmt":"2025-04-11T17:43:44","guid":{"rendered":"https:\/\/darommoveis.com.br\/catalogo\/?post_type=product&#038;p=22254"},"modified":"2025-09-05T16:05:38","modified_gmt":"2025-09-05T19:05:38","slug":"rack-linea-sao-paulo-c-painel-180-tauari-off","status":"publish","type":"product","link":"https:\/\/darommoveis.com.br\/catalogo\/produto\/rack-linea-sao-paulo-c-painel-180-tauari-off\/","title":{"rendered":"RACK LINEA SAO PAULO C\/PAINEL 180 TAUARI\/OFF"},"content":{"rendered":"<p>Painel de TV Suspenso com Ilumina\u00e7\u00e3o de LED<br \/>\nGaveta com Puxador Cava em Al\u00faminio<\/p>\n<p>Altura: 198cm<br \/>\nLargura: 180cm<br \/>\nProfundidade: 41cm<\/p>\n","protected":false},"excerpt":{"rendered":"<p>Painel de TV Suspenso com Ilumina\u00e7\u00e3o de LED Gaveta com Puxador Cava em Al\u00faminio Altura: 198cm Largura: 180cm Profundidade: 41cm<\/p>\n","protected":false},"featured_media":0,"template":"","meta":[],"product_brand":[517],"product_cat":[452,462],"product_tag":[],"class_list":{"0":"post-22254","1":"product","2":"type-product","3":"status-publish","5":"product_brand-linea-brasil","6":"product_cat-painel","7":"product_cat-rack","9":"first","10":"onbackorder","11":"shipping-taxable","12":"purchasable","13":"product-type-simple"},"_links":{"self":[{"href":"https:\/\/darommoveis.com.br\/catalogo\/wp-json\/wp\/v2\/product\/22254","targetHints":{"allow":["GET"]}}],"collection":[{"href":"https:\/\/darommoveis.com.br\/catalogo\/wp-json\/wp\/v2\/product"}],"about":[{"href":"https:\/\/darommoveis.com.br\/catalogo\/wp-json\/wp\/v2\/types\/product"}],"version-history":[{"count":0,"href":"https:\/\/darommoveis.com.br\/catalogo\/wp-json\/wp\/v2\/product\/22254\/revisions"}],"wp:attachment":[{"href":"https:\/\/darommoveis.com.br\/catalogo\/wp-json\/wp\/v2\/media?parent=22254"}],"wp:term":[{"taxonomy":"product_brand","embeddable":true,"href":"https:\/\/darommoveis.com.br\/catalogo\/wp-json\/wp\/v2\/product_brand?post=22254"},{"taxonomy":"product_cat","embeddable":true,"href":"https:\/\/darommoveis.com.br\/catalogo\/wp-json\/wp\/v2\/product_cat?post=22254"},{"taxonomy":"product_tag","embeddable":true,"href":"https:\/\/darommoveis.com.br\/catalogo\/wp-json\/wp\/v2\/product_tag?post=22254"}],"curies":[{"name":"wp","href":"https:\/\/api.w.org\/{rel}","templated":true}]}}