{"id":22294,"date":"2025-04-15T14:54:10","date_gmt":"2025-04-15T17:54:10","guid":{"rendered":"https:\/\/darommoveis.com.br\/catalogo\/?post_type=product&#038;p=22294"},"modified":"2025-09-05T16:05:38","modified_gmt":"2025-09-05T19:05:38","slug":"painel-linea-havana-200-c-led-tauari-off-white","status":"publish","type":"product","link":"https:\/\/darommoveis.com.br\/catalogo\/produto\/painel-linea-havana-200-c-led-tauari-off-white\/","title":{"rendered":"PAINEL LINEA HAVANA 200 C\/LED TAUARI\/OFF WHITE"},"content":{"rendered":"<p>Porta Basculante com Pist\u00e3o a G\u00e1s<br \/>\nPainel Curvo<br \/>\nIlumina\u00e7\u00e3o em Led<br \/>\nPuxador Pontual Met\u00e1lico.<br \/>\nIdeal para TV de 75&#8243;<\/p>\n<p>Altura: 163cm<br \/>\nLargura: 200cm<br \/>\nProfundidade: 33cm<\/p>\n","protected":false},"excerpt":{"rendered":"<p>Porta Basculante com Pist\u00e3o a G\u00e1s Painel Curvo Ilumina\u00e7\u00e3o em Led Puxador Pontual Met\u00e1lico. Ideal para TV de 75&#8243; Altura: 163cm Largura: 200cm Profundidade: 33cm<\/p>\n","protected":false},"featured_media":0,"template":"","meta":[],"product_brand":[517],"product_cat":[452],"product_tag":[],"class_list":{"0":"post-22294","1":"product","2":"type-product","3":"status-publish","5":"product_brand-linea-brasil","6":"product_cat-painel","8":"first","9":"onbackorder","10":"shipping-taxable","11":"purchasable","12":"product-type-simple"},"_links":{"self":[{"href":"https:\/\/darommoveis.com.br\/catalogo\/wp-json\/wp\/v2\/product\/22294","targetHints":{"allow":["GET"]}}],"collection":[{"href":"https:\/\/darommoveis.com.br\/catalogo\/wp-json\/wp\/v2\/product"}],"about":[{"href":"https:\/\/darommoveis.com.br\/catalogo\/wp-json\/wp\/v2\/types\/product"}],"version-history":[{"count":0,"href":"https:\/\/darommoveis.com.br\/catalogo\/wp-json\/wp\/v2\/product\/22294\/revisions"}],"wp:attachment":[{"href":"https:\/\/darommoveis.com.br\/catalogo\/wp-json\/wp\/v2\/media?parent=22294"}],"wp:term":[{"taxonomy":"product_brand","embeddable":true,"href":"https:\/\/darommoveis.com.br\/catalogo\/wp-json\/wp\/v2\/product_brand?post=22294"},{"taxonomy":"product_cat","embeddable":true,"href":"https:\/\/darommoveis.com.br\/catalogo\/wp-json\/wp\/v2\/product_cat?post=22294"},{"taxonomy":"product_tag","embeddable":true,"href":"https:\/\/darommoveis.com.br\/catalogo\/wp-json\/wp\/v2\/product_tag?post=22294"}],"curies":[{"name":"wp","href":"https:\/\/api.w.org\/{rel}","templated":true}]}}