{"id":22364,"date":"2025-04-23T14:22:08","date_gmt":"2025-04-23T17:22:08","guid":{"rendered":"https:\/\/darommoveis.com.br\/catalogo\/?post_type=product&#038;p=22364"},"modified":"2025-09-05T16:05:38","modified_gmt":"2025-09-05T19:05:38","slug":"rack-linea-esmeralda-c-painel-tulum-nature-off","status":"publish","type":"product","link":"https:\/\/darommoveis.com.br\/catalogo\/produto\/rack-linea-esmeralda-c-painel-tulum-nature-off\/","title":{"rendered":"RACK LINEA ESMERALDA C\/PAINEL TULUM NATURE\/OFF"},"content":{"rendered":"<p>Espa\u00e7o para decora\u00e7\u00e3o e aparelhos eletr\u00f4nicos<br \/>\nP\u00e9s com moldura<br \/>\nPorta de correr com detalhe ondulado<br \/>\nPrateleira de 25mm<br \/>\nIdeal para TV de 55&#8243;<\/p>\n<p>Rack<br \/>\nAltura: 66cm<br \/>\nLargura: 180cm<br \/>\nProfundidade: 36cm<\/p>\n<p>Painel<br \/>\nAltura: 124cm<br \/>\nLargura: 180cm<br \/>\nProfundidade: 18cm<\/p>\n","protected":false},"excerpt":{"rendered":"<p>Espa\u00e7o para decora\u00e7\u00e3o e aparelhos eletr\u00f4nicos P\u00e9s com moldura Porta de correr com detalhe ondulado Prateleira de 25mm Ideal para TV de 55&#8243; Rack Altura: 66cm Largura: 180cm Profundidade: 36cm Painel Altura: 124cm Largura: 180cm Profundidade: 18cm<\/p>\n","protected":false},"featured_media":0,"template":"","meta":[],"product_brand":[517],"product_cat":[452,462],"product_tag":[],"class_list":{"0":"post-22364","1":"product","2":"type-product","3":"status-publish","5":"product_brand-linea-brasil","6":"product_cat-painel","7":"product_cat-rack","9":"first","10":"onbackorder","11":"shipping-taxable","12":"purchasable","13":"product-type-simple"},"_links":{"self":[{"href":"https:\/\/darommoveis.com.br\/catalogo\/wp-json\/wp\/v2\/product\/22364","targetHints":{"allow":["GET"]}}],"collection":[{"href":"https:\/\/darommoveis.com.br\/catalogo\/wp-json\/wp\/v2\/product"}],"about":[{"href":"https:\/\/darommoveis.com.br\/catalogo\/wp-json\/wp\/v2\/types\/product"}],"version-history":[{"count":0,"href":"https:\/\/darommoveis.com.br\/catalogo\/wp-json\/wp\/v2\/product\/22364\/revisions"}],"wp:attachment":[{"href":"https:\/\/darommoveis.com.br\/catalogo\/wp-json\/wp\/v2\/media?parent=22364"}],"wp:term":[{"taxonomy":"product_brand","embeddable":true,"href":"https:\/\/darommoveis.com.br\/catalogo\/wp-json\/wp\/v2\/product_brand?post=22364"},{"taxonomy":"product_cat","embeddable":true,"href":"https:\/\/darommoveis.com.br\/catalogo\/wp-json\/wp\/v2\/product_cat?post=22364"},{"taxonomy":"product_tag","embeddable":true,"href":"https:\/\/darommoveis.com.br\/catalogo\/wp-json\/wp\/v2\/product_tag?post=22364"}],"curies":[{"name":"wp","href":"https:\/\/api.w.org\/{rel}","templated":true}]}}