{"id":22854,"date":"2025-05-26T09:44:58","date_gmt":"2025-05-26T12:44:58","guid":{"rendered":"https:\/\/darommoveis.com.br\/catalogo\/?post_type=product&#038;p=22854"},"modified":"2025-09-05T16:05:41","modified_gmt":"2025-09-05T19:05:41","slug":"criado-rud-rack-valente-2g-cedro-areia","status":"publish","type":"product","link":"https:\/\/darommoveis.com.br\/catalogo\/produto\/criado-rud-rack-valente-2g-cedro-areia\/","title":{"rendered":"CRIADO RUD RACK VALENTE 2G CEDRO\/AREIA"},"content":{"rendered":"<p>. Produto em MDF e MDP<br \/>\n. 02 Gavetas com Corredi\u00e7as Met\u00e1licas<br \/>\n. 04 P\u00e9s em PVC<br \/>\n. Tampo Superior em 25mm<br \/>\n. Puxadores em Alum\u00ednio<br \/>\n. Amplo Espa\u00e7o para Objetos<\/p>\n<p>Altura: 70cm<br \/>\nLargura: 45cm<br \/>\nProfundidade: 38cm<\/p>\n","protected":false},"excerpt":{"rendered":"<p>. Produto em MDF e MDP . 02 Gavetas com Corredi\u00e7as Met\u00e1licas . 04 P\u00e9s em PVC . Tampo Superior em 25mm . Puxadores em Alum\u00ednio . Amplo Espa\u00e7o para Objetos Altura: 70cm Largura: 45cm Profundidade: 38cm<\/p>\n","protected":false},"featured_media":0,"template":"","meta":[],"product_brand":[508],"product_cat":[378],"product_tag":[],"class_list":{"0":"post-22854","1":"product","2":"type-product","3":"status-publish","5":"product_brand-rud-rack","6":"product_cat-criado","8":"first","9":"onbackorder","10":"shipping-taxable","11":"purchasable","12":"product-type-simple"},"_links":{"self":[{"href":"https:\/\/darommoveis.com.br\/catalogo\/wp-json\/wp\/v2\/product\/22854","targetHints":{"allow":["GET"]}}],"collection":[{"href":"https:\/\/darommoveis.com.br\/catalogo\/wp-json\/wp\/v2\/product"}],"about":[{"href":"https:\/\/darommoveis.com.br\/catalogo\/wp-json\/wp\/v2\/types\/product"}],"version-history":[{"count":0,"href":"https:\/\/darommoveis.com.br\/catalogo\/wp-json\/wp\/v2\/product\/22854\/revisions"}],"wp:attachment":[{"href":"https:\/\/darommoveis.com.br\/catalogo\/wp-json\/wp\/v2\/media?parent=22854"}],"wp:term":[{"taxonomy":"product_brand","embeddable":true,"href":"https:\/\/darommoveis.com.br\/catalogo\/wp-json\/wp\/v2\/product_brand?post=22854"},{"taxonomy":"product_cat","embeddable":true,"href":"https:\/\/darommoveis.com.br\/catalogo\/wp-json\/wp\/v2\/product_cat?post=22854"},{"taxonomy":"product_tag","embeddable":true,"href":"https:\/\/darommoveis.com.br\/catalogo\/wp-json\/wp\/v2\/product_tag?post=22854"}],"curies":[{"name":"wp","href":"https:\/\/api.w.org\/{rel}","templated":true}]}}