{"id":22865,"date":"2025-05-26T14:43:16","date_gmt":"2025-05-26T17:43:16","guid":{"rendered":"https:\/\/darommoveis.com.br\/catalogo\/?post_type=product&#038;p=22865"},"modified":"2025-09-05T16:05:41","modified_gmt":"2025-09-05T19:05:41","slug":"comoda-rud-rack-paola-5g-cedro","status":"publish","type":"product","link":"https:\/\/darommoveis.com.br\/catalogo\/produto\/comoda-rud-rack-paola-5g-cedro\/","title":{"rendered":"COMODA RUD RACK PAOLA 5G CEDRO"},"content":{"rendered":"<p>. Produto em MDF e MDP<br \/>\n. 05 Gavetas com Corredi\u00e7as Met\u00e1licas<br \/>\n. Puxadores em PVC<br \/>\n. 04 P\u00e9s em PVC<\/p>\n<p>Altura: 100cm<br \/>\nLargura: 64cm<br \/>\nProfundidade: 43cm<\/p>\n","protected":false},"excerpt":{"rendered":"<p>. Produto em MDF e MDP . 05 Gavetas com Corredi\u00e7as Met\u00e1licas . Puxadores em PVC . 04 P\u00e9s em PVC Altura: 100cm Largura: 64cm Profundidade: 43cm<\/p>\n","protected":false},"featured_media":0,"template":"","meta":[],"product_brand":[508],"product_cat":[239],"product_tag":[],"class_list":{"0":"post-22865","1":"product","2":"type-product","3":"status-publish","5":"product_brand-rud-rack","6":"product_cat-comodas","8":"first","9":"onbackorder","10":"shipping-taxable","11":"purchasable","12":"product-type-simple"},"_links":{"self":[{"href":"https:\/\/darommoveis.com.br\/catalogo\/wp-json\/wp\/v2\/product\/22865","targetHints":{"allow":["GET"]}}],"collection":[{"href":"https:\/\/darommoveis.com.br\/catalogo\/wp-json\/wp\/v2\/product"}],"about":[{"href":"https:\/\/darommoveis.com.br\/catalogo\/wp-json\/wp\/v2\/types\/product"}],"version-history":[{"count":0,"href":"https:\/\/darommoveis.com.br\/catalogo\/wp-json\/wp\/v2\/product\/22865\/revisions"}],"wp:attachment":[{"href":"https:\/\/darommoveis.com.br\/catalogo\/wp-json\/wp\/v2\/media?parent=22865"}],"wp:term":[{"taxonomy":"product_brand","embeddable":true,"href":"https:\/\/darommoveis.com.br\/catalogo\/wp-json\/wp\/v2\/product_brand?post=22865"},{"taxonomy":"product_cat","embeddable":true,"href":"https:\/\/darommoveis.com.br\/catalogo\/wp-json\/wp\/v2\/product_cat?post=22865"},{"taxonomy":"product_tag","embeddable":true,"href":"https:\/\/darommoveis.com.br\/catalogo\/wp-json\/wp\/v2\/product_tag?post=22865"}],"curies":[{"name":"wp","href":"https:\/\/api.w.org\/{rel}","templated":true}]}}