{"id":23691,"date":"2025-07-15T17:31:51","date_gmt":"2025-07-15T20:31:51","guid":{"rendered":"https:\/\/darommoveis.com.br\/catalogo\/?post_type=product&#038;p=23691"},"modified":"2025-09-05T16:05:47","modified_gmt":"2025-09-05T19:05:47","slug":"comoda-incorplac-modena-5g-malbec","status":"publish","type":"product","link":"https:\/\/darommoveis.com.br\/catalogo\/produto\/comoda-incorplac-modena-5g-malbec\/","title":{"rendered":"COMODA INCORPLAC MODENA 5G MALBEC"},"content":{"rendered":"<p>Produto em MDP<br \/>\nP\u00e9s Pl\u00e1sticos<br \/>\nPuxadores Lisboa Feito de Pl\u00e1stico<br \/>\nCorredi\u00e7a Telesc\u00f3picas<\/p>\n<p>Altura: 90,2cm<br \/>\nLargura: 56,2cm<br \/>\nProfundidade: 39,3cm<\/p>\n","protected":false},"excerpt":{"rendered":"<p>Produto em MDP P\u00e9s Pl\u00e1sticos Puxadores Lisboa Feito de Pl\u00e1stico Corredi\u00e7a Telesc\u00f3picas Altura: 90,2cm Largura: 56,2cm Profundidade: 39,3cm<\/p>\n","protected":false},"featured_media":0,"template":"","meta":[],"product_brand":[515],"product_cat":[239],"product_tag":[],"class_list":{"0":"post-23691","1":"product","2":"type-product","3":"status-publish","5":"product_brand-incorplac","6":"product_cat-comodas","8":"first","9":"instock","10":"shipping-taxable","11":"purchasable","12":"product-type-simple"},"_links":{"self":[{"href":"https:\/\/darommoveis.com.br\/catalogo\/wp-json\/wp\/v2\/product\/23691","targetHints":{"allow":["GET"]}}],"collection":[{"href":"https:\/\/darommoveis.com.br\/catalogo\/wp-json\/wp\/v2\/product"}],"about":[{"href":"https:\/\/darommoveis.com.br\/catalogo\/wp-json\/wp\/v2\/types\/product"}],"version-history":[{"count":0,"href":"https:\/\/darommoveis.com.br\/catalogo\/wp-json\/wp\/v2\/product\/23691\/revisions"}],"wp:attachment":[{"href":"https:\/\/darommoveis.com.br\/catalogo\/wp-json\/wp\/v2\/media?parent=23691"}],"wp:term":[{"taxonomy":"product_brand","embeddable":true,"href":"https:\/\/darommoveis.com.br\/catalogo\/wp-json\/wp\/v2\/product_brand?post=23691"},{"taxonomy":"product_cat","embeddable":true,"href":"https:\/\/darommoveis.com.br\/catalogo\/wp-json\/wp\/v2\/product_cat?post=23691"},{"taxonomy":"product_tag","embeddable":true,"href":"https:\/\/darommoveis.com.br\/catalogo\/wp-json\/wp\/v2\/product_tag?post=23691"}],"curies":[{"name":"wp","href":"https:\/\/api.w.org\/{rel}","templated":true}]}}