{"id":24142,"date":"2025-08-18T08:18:56","date_gmt":"2025-08-18T11:18:56","guid":{"rendered":"https:\/\/darommoveis.com.br\/catalogo\/?post_type=product&#038;p=24142"},"modified":"2025-09-05T16:05:48","modified_gmt":"2025-09-05T19:05:48","slug":"mesa-p-comput-rud-rack-sorata-1g-cedro-areia","status":"publish","type":"product","link":"https:\/\/darommoveis.com.br\/catalogo\/produto\/mesa-p-comput-rud-rack-sorata-1g-cedro-areia\/","title":{"rendered":"MESA P\/COMPUT. RUD RACK SORATA 1G CEDRO\/AREIA"},"content":{"rendered":"<p>Produto em MDP e MDF 12 e 15mm<br \/>\n1 Gaveta com corredi\u00e7as Met\u00e1licas<br \/>\n6 P\u00e9s em PVC<br \/>\nApropriada para Notebook<\/p>\n<p>Altura: 78,5cm<br \/>\nLargura: 108cm<br \/>\nProfundidade: 50cm<\/p>\n","protected":false},"excerpt":{"rendered":"<p>Produto em MDP e MDF 12 e 15mm 1 Gaveta com corredi\u00e7as Met\u00e1licas 6 P\u00e9s em PVC Apropriada para Notebook Altura: 78,5cm Largura: 108cm Profundidade: 50cm<\/p>\n","protected":false},"featured_media":0,"template":"","meta":[],"product_brand":[508],"product_cat":[506],"product_tag":[],"class_list":{"0":"post-24142","1":"product","2":"type-product","3":"status-publish","5":"product_brand-rud-rack","6":"product_cat-mesa-p-comput","8":"first","9":"instock","10":"shipping-taxable","11":"purchasable","12":"product-type-simple"},"_links":{"self":[{"href":"https:\/\/darommoveis.com.br\/catalogo\/wp-json\/wp\/v2\/product\/24142","targetHints":{"allow":["GET"]}}],"collection":[{"href":"https:\/\/darommoveis.com.br\/catalogo\/wp-json\/wp\/v2\/product"}],"about":[{"href":"https:\/\/darommoveis.com.br\/catalogo\/wp-json\/wp\/v2\/types\/product"}],"version-history":[{"count":0,"href":"https:\/\/darommoveis.com.br\/catalogo\/wp-json\/wp\/v2\/product\/24142\/revisions"}],"wp:attachment":[{"href":"https:\/\/darommoveis.com.br\/catalogo\/wp-json\/wp\/v2\/media?parent=24142"}],"wp:term":[{"taxonomy":"product_brand","embeddable":true,"href":"https:\/\/darommoveis.com.br\/catalogo\/wp-json\/wp\/v2\/product_brand?post=24142"},{"taxonomy":"product_cat","embeddable":true,"href":"https:\/\/darommoveis.com.br\/catalogo\/wp-json\/wp\/v2\/product_cat?post=24142"},{"taxonomy":"product_tag","embeddable":true,"href":"https:\/\/darommoveis.com.br\/catalogo\/wp-json\/wp\/v2\/product_tag?post=24142"}],"curies":[{"name":"wp","href":"https:\/\/api.w.org\/{rel}","templated":true}]}}