{"id":24323,"date":"2025-09-04T09:54:49","date_gmt":"2025-09-04T12:54:49","guid":{"rendered":"https:\/\/darommoveis.com.br\/catalogo\/?post_type=product&#038;p=24323"},"modified":"2025-09-05T16:05:49","modified_gmt":"2025-09-05T19:05:49","slug":"cadeira-dobue-santiago-cimamomo-v-camurcapar","status":"publish","type":"product","link":"https:\/\/darommoveis.com.br\/catalogo\/produto\/cadeira-dobue-santiago-cimamomo-v-camurcapar\/","title":{"rendered":"CADEIRA DOBUE SANTIAGO CIMAMOMO\/V.CAMURCA(PAR)"},"content":{"rendered":"<p>Estrutura em MDF\/MDP<br \/>\nRevestimento em Veludo<br \/>\nAcabamento Impress\u00e3o Ultravioleta<br \/>\nP\u00e9s traseiros Inteiri\u00e7os<br \/>\nP\u00e9s em MDF de 25mm<\/p>\n<p>Medida de 1 Cadeira:<\/p>\n<p>Altura: 92cm<br \/>\nLargura: 46cm<br \/>\nProfundidade: 40cm<\/p>\n","protected":false},"excerpt":{"rendered":"<p>Estrutura em MDF\/MDP Revestimento em Veludo Acabamento Impress\u00e3o Ultravioleta P\u00e9s traseiros Inteiri\u00e7os P\u00e9s em MDF de 25mm Medida de 1 Cadeira: Altura: 92cm Largura: 46cm Profundidade: 40cm<\/p>\n","protected":false},"featured_media":0,"template":"","meta":[],"product_brand":[522],"product_cat":[463],"product_tag":[],"class_list":{"0":"post-24323","1":"product","2":"type-product","3":"status-publish","5":"product_brand-dobue","6":"product_cat-cadeira","8":"first","9":"instock","10":"shipping-taxable","11":"purchasable","12":"product-type-simple"},"_links":{"self":[{"href":"https:\/\/darommoveis.com.br\/catalogo\/wp-json\/wp\/v2\/product\/24323","targetHints":{"allow":["GET"]}}],"collection":[{"href":"https:\/\/darommoveis.com.br\/catalogo\/wp-json\/wp\/v2\/product"}],"about":[{"href":"https:\/\/darommoveis.com.br\/catalogo\/wp-json\/wp\/v2\/types\/product"}],"version-history":[{"count":0,"href":"https:\/\/darommoveis.com.br\/catalogo\/wp-json\/wp\/v2\/product\/24323\/revisions"}],"wp:attachment":[{"href":"https:\/\/darommoveis.com.br\/catalogo\/wp-json\/wp\/v2\/media?parent=24323"}],"wp:term":[{"taxonomy":"product_brand","embeddable":true,"href":"https:\/\/darommoveis.com.br\/catalogo\/wp-json\/wp\/v2\/product_brand?post=24323"},{"taxonomy":"product_cat","embeddable":true,"href":"https:\/\/darommoveis.com.br\/catalogo\/wp-json\/wp\/v2\/product_cat?post=24323"},{"taxonomy":"product_tag","embeddable":true,"href":"https:\/\/darommoveis.com.br\/catalogo\/wp-json\/wp\/v2\/product_tag?post=24323"}],"curies":[{"name":"wp","href":"https:\/\/api.w.org\/{rel}","templated":true}]}}